{"id":99955,"date":"2020-11-08T10:28:42","date_gmt":"2020-11-07T10:28:42","guid":{"rendered":"https:\/\/www.sylvie-monthule.com\/?post_type=product&#038;p=99955\/"},"modified":"2025-10-06T07:54:27","modified_gmt":"2025-10-06T06:54:27","slug":"string-bijou-cobra-plaisir-sacre-argent","status":"publish","type":"product","link":"https:\/\/www.sylvie-monthule.com\/fr\/bijou\/string-bijou-cobra-plaisir-sacre-argent\/","title":{"rendered":"String bijou \u00ab\u00a0Cobra Plaisir Sacr\u00e9\u00a0\u00bb argent"},"content":{"rendered":"<p style=\"text-align: justify;\">Un bijou cobra noir et argent se dresse sur votre pubis ! Vous admirez sa beaut\u00e9, ses d\u00e9tails, sa douceur. Sa cambrure est si d\u00e9licieuse sur la peau.. Sous le serpent les chaines d&rsquo;argent passent de chaque cot\u00e9 de votre sexe nu comme un fleuve sacr\u00e9. Vos doigts invitent parfois le pendentif de boules pleines \u00e0 caresser vos secrets, dessus, dessous, dedans&#8230; Les h\u00e9matites glissent entre vos l\u00e8vres, tapotent votre clitoris, excitent votre sexe tout entier&#8230; Un string bijou cobra d&rsquo;un \u00e9rotisme sublime!<\/p>\n","protected":false},"excerpt":{"rendered":"<p>Gr\u00e2ce \u00e0 ses \u00e9lastiques en coton doux,<br \/>\nvous positionnez le string cobra \u00e0 la perfection.<\/p>\n<p>Placage argent 10 microns sur m\u00e9tal.<br \/>\nEmail noir. Pendentif amovible boules h\u00e9matites.<br \/>\nHypoallerg\u00e9nique.<\/p>\n","protected":false},"featured_media":99844,"template":"","meta":{"_acf_changed":false},"product_brand":[],"product_cat":[58,59,60],"product_tag":[],"class_list":{"0":"post-99955","1":"product","2":"type-product","3":"status-publish","4":"has-post-thumbnail","6":"product_cat-bijou-intime-femme","7":"product_cat-strings-bijoux","8":"product_cat-bijoux-penetrants-femme","9":"collection-30-ans-derotisme","10":"collection-le-souffle-du-plaisir","11":"product_option-tableau-tailles","13":"first","14":"instock","15":"taxable","16":"shipping-taxable","17":"purchasable","18":"product-type-simple"},"acf":[],"_links":{"self":[{"href":"https:\/\/www.sylvie-monthule.com\/fr\/wp-json\/wp\/v2\/product\/99955","targetHints":{"allow":["GET"]}}],"collection":[{"href":"https:\/\/www.sylvie-monthule.com\/fr\/wp-json\/wp\/v2\/product"}],"about":[{"href":"https:\/\/www.sylvie-monthule.com\/fr\/wp-json\/wp\/v2\/types\/product"}],"wp:featuredmedia":[{"embeddable":true,"href":"https:\/\/www.sylvie-monthule.com\/fr\/wp-json\/wp\/v2\/media\/99844"}],"wp:attachment":[{"href":"https:\/\/www.sylvie-monthule.com\/fr\/wp-json\/wp\/v2\/media?parent=99955"}],"wp:term":[{"taxonomy":"product_brand","embeddable":true,"href":"https:\/\/www.sylvie-monthule.com\/fr\/wp-json\/wp\/v2\/product_brand?post=99955"},{"taxonomy":"product_cat","embeddable":true,"href":"https:\/\/www.sylvie-monthule.com\/fr\/wp-json\/wp\/v2\/product_cat?post=99955"},{"taxonomy":"product_tag","embeddable":true,"href":"https:\/\/www.sylvie-monthule.com\/fr\/wp-json\/wp\/v2\/product_tag?post=99955"}],"curies":[{"name":"wp","href":"https:\/\/api.w.org\/{rel}","templated":true}]}}