{"id":99952,"date":"2020-11-08T10:28:39","date_gmt":"2020-11-07T10:28:39","guid":{"rendered":"https:\/\/www.sylvie-monthule.com\/?post_type=product&#038;p=99952\/"},"modified":"2025-02-27T14:26:41","modified_gmt":"2025-02-27T13:26:41","slug":"boucles-doreilles-oeil-dhorus-or","status":"publish","type":"product","link":"https:\/\/www.sylvie-monthule.com\/fr\/bijou\/boucles-doreilles-oeil-dhorus-or\/","title":{"rendered":"Boucles d&rsquo;Oreilles \u00ab\u00a0Oeil d&rsquo;Horus\u00a0\u00bb or"},"content":{"rendered":"<p>En harmonie avec le th\u00e8me de sa nouvelle collection, d\u00e9couvrez ces ravissantes boucles d&rsquo;Oreilles \u00ab\u00a0Oeil d&rsquo;Horus\u00a0\u00bb, l\u00e9g\u00e8res et myst\u00e9rieuses !<\/p>\n","protected":false},"excerpt":{"rendered":"<p>Bijoux oreilles perc\u00e9es.<br \/>\nHaute dorure 1 micron 16 carats et<br \/>\nfinition 24 carats sur m\u00e9tal.<br \/>\nHypoallerg\u00e9nique.<\/p>\n","protected":false},"featured_media":99336,"template":"","meta":{"_acf_changed":false},"product_brand":[],"product_cat":[58,64],"product_tag":[],"class_list":{"0":"post-99952","1":"product","2":"type-product","3":"status-publish","4":"has-post-thumbnail","6":"product_cat-bijou-intime-femme","7":"product_cat-pendentifs-et-boucles-doreilles","8":"collection-le-souffle-du-plaisir","9":"product_option-vendu-par-paire","11":"first","12":"instock","13":"taxable","14":"shipping-taxable","15":"purchasable","16":"product-type-simple"},"acf":[],"_links":{"self":[{"href":"https:\/\/www.sylvie-monthule.com\/fr\/wp-json\/wp\/v2\/product\/99952","targetHints":{"allow":["GET"]}}],"collection":[{"href":"https:\/\/www.sylvie-monthule.com\/fr\/wp-json\/wp\/v2\/product"}],"about":[{"href":"https:\/\/www.sylvie-monthule.com\/fr\/wp-json\/wp\/v2\/types\/product"}],"wp:featuredmedia":[{"embeddable":true,"href":"https:\/\/www.sylvie-monthule.com\/fr\/wp-json\/wp\/v2\/media\/99336"}],"wp:attachment":[{"href":"https:\/\/www.sylvie-monthule.com\/fr\/wp-json\/wp\/v2\/media?parent=99952"}],"wp:term":[{"taxonomy":"product_brand","embeddable":true,"href":"https:\/\/www.sylvie-monthule.com\/fr\/wp-json\/wp\/v2\/product_brand?post=99952"},{"taxonomy":"product_cat","embeddable":true,"href":"https:\/\/www.sylvie-monthule.com\/fr\/wp-json\/wp\/v2\/product_cat?post=99952"},{"taxonomy":"product_tag","embeddable":true,"href":"https:\/\/www.sylvie-monthule.com\/fr\/wp-json\/wp\/v2\/product_tag?post=99952"}],"curies":[{"name":"wp","href":"https:\/\/api.w.org\/{rel}","templated":true}]}}