{"id":99950,"date":"2020-11-08T10:28:37","date_gmt":"2020-11-07T10:28:37","guid":{"rendered":"https:\/\/www.sylvie-monthule.com\/?post_type=product&#038;p=99950\/"},"modified":"2025-02-27T14:26:42","modified_gmt":"2025-02-27T13:26:42","slug":"pendentif-scarabee-or","status":"publish","type":"product","link":"https:\/\/www.sylvie-monthule.com\/fr\/bijou\/pendentif-scarabee-or\/","title":{"rendered":"Pendentif Scarab\u00e9e or"},"content":{"rendered":"<p>Un pendentif scarab\u00e9e orne votre cou. En or et noir, il attire les regards et sublime votre beaut\u00e9&#8230;<\/p>\n","protected":false},"excerpt":{"rendered":"<p>Pendentif sur chaine de 50 cm (env)<br \/>\nHaute dorure 1 micron 16 carats<br \/>\net finition 24 carats.<br \/>\nEmail noir.<br \/>\nHypoallerg\u00e9nique.<\/p>\n","protected":false},"featured_media":99692,"template":"","meta":{"_acf_changed":false},"product_brand":[],"product_cat":[58,64],"product_tag":[],"class_list":{"0":"post-99950","1":"product","2":"type-product","3":"status-publish","4":"has-post-thumbnail","6":"product_cat-bijou-intime-femme","7":"product_cat-pendentifs-et-boucles-doreilles","8":"collection-le-souffle-du-plaisir","10":"first","11":"instock","12":"taxable","13":"shipping-taxable","14":"purchasable","15":"product-type-simple"},"acf":[],"_links":{"self":[{"href":"https:\/\/www.sylvie-monthule.com\/fr\/wp-json\/wp\/v2\/product\/99950","targetHints":{"allow":["GET"]}}],"collection":[{"href":"https:\/\/www.sylvie-monthule.com\/fr\/wp-json\/wp\/v2\/product"}],"about":[{"href":"https:\/\/www.sylvie-monthule.com\/fr\/wp-json\/wp\/v2\/types\/product"}],"wp:featuredmedia":[{"embeddable":true,"href":"https:\/\/www.sylvie-monthule.com\/fr\/wp-json\/wp\/v2\/media\/99692"}],"wp:attachment":[{"href":"https:\/\/www.sylvie-monthule.com\/fr\/wp-json\/wp\/v2\/media?parent=99950"}],"wp:term":[{"taxonomy":"product_brand","embeddable":true,"href":"https:\/\/www.sylvie-monthule.com\/fr\/wp-json\/wp\/v2\/product_brand?post=99950"},{"taxonomy":"product_cat","embeddable":true,"href":"https:\/\/www.sylvie-monthule.com\/fr\/wp-json\/wp\/v2\/product_cat?post=99950"},{"taxonomy":"product_tag","embeddable":true,"href":"https:\/\/www.sylvie-monthule.com\/fr\/wp-json\/wp\/v2\/product_tag?post=99950"}],"curies":[{"name":"wp","href":"https:\/\/api.w.org\/{rel}","templated":true}]}}