{"id":99945,"date":"2020-11-08T10:28:32","date_gmt":"2020-11-07T10:28:32","guid":{"rendered":"https:\/\/www.sylvie-monthule.com\/?post_type=product&#038;p=99945\/"},"modified":"2025-10-06T07:53:16","modified_gmt":"2025-10-06T06:53:16","slug":"collier-seins-cobra-sacre-argent","status":"publish","type":"product","link":"https:\/\/www.sylvie-monthule.com\/fr\/bijou\/collier-seins-cobra-sacre-argent\/","title":{"rendered":"Collier seins Cobra Sacr\u00e9 argent"},"content":{"rendered":"<p style=\"text-align: justify;\">Un cobra majestueux, noir et argent, se dresse entre vos seins et rev\u00e8le la puissance de votre volupt\u00e9. Les mouvements sensuels des chaines qui glissent sur votre poitrine sont comme des ondulations d\u00e9licieuses&#8230; et vos t\u00e9tons frissonnants sont d\u00e9j\u00e0 captur\u00e9s par des reflets noirs et argent&#8230; Personne ne r\u00e9sistera \u00e0 la vision magique de ce cobra provocant, caressant votre corps !<\/p>\n","protected":false},"excerpt":{"rendered":"<p>Gr\u00e2ce \u00e0 la chaine de r\u00e9glage cou, vous ajusterez<br \/>\ncomme vous le souhaitez votre collier seins.<br \/>\nPlaqu\u00e9 argent 10 microns sur m\u00e9tal.<br \/>\nEmail noir. Pierres noires.<br \/>\nHypoallerg\u00e9nique.<\/p>\n<p>Attaches-seins non piercing, indolores<br \/>\net coulissantes, s&rsquo;adaptant \u00e0 tous les diam\u00e8tres<br \/>\nde t\u00e9tons.<\/p>\n","protected":false},"featured_media":99668,"template":"","meta":{"_acf_changed":false},"product_brand":[],"product_cat":[58,69],"product_tag":[],"class_list":{"0":"post-99945","1":"product","2":"type-product","3":"status-publish","4":"has-post-thumbnail","6":"product_cat-bijou-intime-femme","7":"product_cat-bijoux-seins-non-piercing","8":"collection-30-ans-derotisme","9":"collection-le-souffle-du-plaisir","11":"first","12":"instock","13":"taxable","14":"shipping-taxable","15":"purchasable","16":"product-type-simple"},"acf":[],"_links":{"self":[{"href":"https:\/\/www.sylvie-monthule.com\/fr\/wp-json\/wp\/v2\/product\/99945","targetHints":{"allow":["GET"]}}],"collection":[{"href":"https:\/\/www.sylvie-monthule.com\/fr\/wp-json\/wp\/v2\/product"}],"about":[{"href":"https:\/\/www.sylvie-monthule.com\/fr\/wp-json\/wp\/v2\/types\/product"}],"wp:featuredmedia":[{"embeddable":true,"href":"https:\/\/www.sylvie-monthule.com\/fr\/wp-json\/wp\/v2\/media\/99668"}],"wp:attachment":[{"href":"https:\/\/www.sylvie-monthule.com\/fr\/wp-json\/wp\/v2\/media?parent=99945"}],"wp:term":[{"taxonomy":"product_brand","embeddable":true,"href":"https:\/\/www.sylvie-monthule.com\/fr\/wp-json\/wp\/v2\/product_brand?post=99945"},{"taxonomy":"product_cat","embeddable":true,"href":"https:\/\/www.sylvie-monthule.com\/fr\/wp-json\/wp\/v2\/product_cat?post=99945"},{"taxonomy":"product_tag","embeddable":true,"href":"https:\/\/www.sylvie-monthule.com\/fr\/wp-json\/wp\/v2\/product_tag?post=99945"}],"curies":[{"name":"wp","href":"https:\/\/api.w.org\/{rel}","templated":true}]}}