{"id":99942,"date":"2020-11-08T10:28:30","date_gmt":"2020-11-07T10:28:30","guid":{"rendered":"https:\/\/www.sylvie-monthule.com\/?post_type=product&#038;p=99942\/"},"modified":"2025-02-17T08:47:21","modified_gmt":"2025-02-17T07:47:21","slug":"collier-seins-hieroglyphe-damouror","status":"publish","type":"product","link":"https:\/\/www.sylvie-monthule.com\/fr\/bijou\/collier-seins-hieroglyphe-damouror\/","title":{"rendered":"Collier seins \u00ab\u00a0Hi\u00e9roglyphe d&rsquo;Amour\u00a0\u00bbor"},"content":{"rendered":"<p style=\"text-align: justify;\">Un ravissant hi\u00e9roglyphe orne votre d\u00e9collet\u00e9, comme un message secret, quelques mots d&rsquo;amour. Sous l&rsquo;\u00e9toffe, des rivi\u00e8res d&rsquo;or caressent votre poitrine, suivent le galbe de vos seins. Suspendus \u00e0 vos t\u00e9tons, sublimes et troublants, des yeux d&rsquo;Or, les yeux d&rsquo;Horus agitent leurs perles sur la peau douce ! Un bijou de seins magnifique.<\/p>\n","protected":false},"excerpt":{"rendered":"<p>Gr\u00e2ce \u00e0 la chaine de r\u00e9glage cou, vous ajusterez<br \/>\ncomme vous le souhaitez votre collier seins.<br \/>\nHaute dorure 1 micron<br \/>\n16 carats et finition 24 carats.<br \/>\nPerles H\u00e9matites.<br \/>\nHypoallerg\u00e9nique.<\/p>\n<p>Attaches-seins non piercing, indolores<br \/>\net coulissantes, s&rsquo;adaptant \u00e0 tous les diam\u00e8tres<br \/>\nde t\u00e9tons.<\/p>\n","protected":false},"featured_media":99596,"template":"","meta":{"_acf_changed":false},"product_brand":[],"product_cat":[58,69],"product_tag":[],"class_list":{"0":"post-99942","1":"product","2":"type-product","3":"status-publish","4":"has-post-thumbnail","6":"product_cat-bijou-intime-femme","7":"product_cat-bijoux-seins-non-piercing","8":"collection-le-souffle-du-plaisir","10":"first","11":"instock","12":"taxable","13":"shipping-taxable","14":"purchasable","15":"product-type-simple"},"acf":[],"_links":{"self":[{"href":"https:\/\/www.sylvie-monthule.com\/fr\/wp-json\/wp\/v2\/product\/99942","targetHints":{"allow":["GET"]}}],"collection":[{"href":"https:\/\/www.sylvie-monthule.com\/fr\/wp-json\/wp\/v2\/product"}],"about":[{"href":"https:\/\/www.sylvie-monthule.com\/fr\/wp-json\/wp\/v2\/types\/product"}],"wp:featuredmedia":[{"embeddable":true,"href":"https:\/\/www.sylvie-monthule.com\/fr\/wp-json\/wp\/v2\/media\/99596"}],"wp:attachment":[{"href":"https:\/\/www.sylvie-monthule.com\/fr\/wp-json\/wp\/v2\/media?parent=99942"}],"wp:term":[{"taxonomy":"product_brand","embeddable":true,"href":"https:\/\/www.sylvie-monthule.com\/fr\/wp-json\/wp\/v2\/product_brand?post=99942"},{"taxonomy":"product_cat","embeddable":true,"href":"https:\/\/www.sylvie-monthule.com\/fr\/wp-json\/wp\/v2\/product_cat?post=99942"},{"taxonomy":"product_tag","embeddable":true,"href":"https:\/\/www.sylvie-monthule.com\/fr\/wp-json\/wp\/v2\/product_tag?post=99942"}],"curies":[{"name":"wp","href":"https:\/\/api.w.org\/{rel}","templated":true}]}}