{"id":99940,"date":"2020-11-08T10:28:28","date_gmt":"2020-11-07T10:28:28","guid":{"rendered":"https:\/\/www.sylvie-monthule.com\/?post_type=product&#038;p=99940\/"},"modified":"2025-03-04T16:14:58","modified_gmt":"2025-03-04T15:14:58","slug":"chaine-taille-scarabee-sacre-or","status":"publish","type":"product","link":"https:\/\/www.sylvie-monthule.com\/fr\/bijou\/chaine-taille-scarabee-sacre-or\/","title":{"rendered":"Chaine taille Scarab\u00e9e sacr\u00e9 or"},"content":{"rendered":"<p>Sur la dune de votre ventre, un petit scarab\u00e9e or et noir, respire. Suspendu \u00e0 la chaine qui enlace votre taille avec sensualit\u00e9, il est comme un tr\u00e9sor sacr\u00e9 et les fins pendentifs du scarab\u00e9e dansent sur la peau. L&rsquo;or, le noir et l&rsquo;h\u00e9matite s&rsquo;unissent pour cette ravissante chaine de taille!<\/p>\n","protected":false},"excerpt":{"rendered":"<p>Indiquez dans le bloc taille votre choix :<br \/>\nS, M, L, XL&#8230;. Quelle que soit la taille choisie nos bijoux taille ont un r\u00e9glage.<\/p>\n<p>Haute dorure 1 micron 16 carats et finition 24 carats sur m\u00e9tal.<br \/>\nEmail noir et pierres h\u00e9matites.<br \/>\nHypoallerg\u00e9nique.<\/p>\n","protected":false},"featured_media":99408,"template":"","meta":{"_acf_changed":false},"product_brand":[],"product_cat":[58,67],"product_tag":[],"class_list":{"0":"post-99940","1":"product","2":"type-product","3":"status-publish","4":"has-post-thumbnail","6":"product_cat-bijou-intime-femme","7":"product_cat-bijoux-taille-et-cheville","8":"collection-le-souffle-du-plaisir","10":"first","11":"instock","12":"taxable","13":"shipping-taxable","14":"purchasable","15":"product-type-variable","16":"has-default-attributes"},"acf":[],"_links":{"self":[{"href":"https:\/\/www.sylvie-monthule.com\/fr\/wp-json\/wp\/v2\/product\/99940","targetHints":{"allow":["GET"]}}],"collection":[{"href":"https:\/\/www.sylvie-monthule.com\/fr\/wp-json\/wp\/v2\/product"}],"about":[{"href":"https:\/\/www.sylvie-monthule.com\/fr\/wp-json\/wp\/v2\/types\/product"}],"wp:featuredmedia":[{"embeddable":true,"href":"https:\/\/www.sylvie-monthule.com\/fr\/wp-json\/wp\/v2\/media\/99408"}],"wp:attachment":[{"href":"https:\/\/www.sylvie-monthule.com\/fr\/wp-json\/wp\/v2\/media?parent=99940"}],"wp:term":[{"taxonomy":"product_brand","embeddable":true,"href":"https:\/\/www.sylvie-monthule.com\/fr\/wp-json\/wp\/v2\/product_brand?post=99940"},{"taxonomy":"product_cat","embeddable":true,"href":"https:\/\/www.sylvie-monthule.com\/fr\/wp-json\/wp\/v2\/product_cat?post=99940"},{"taxonomy":"product_tag","embeddable":true,"href":"https:\/\/www.sylvie-monthule.com\/fr\/wp-json\/wp\/v2\/product_tag?post=99940"}],"curies":[{"name":"wp","href":"https:\/\/api.w.org\/{rel}","templated":true}]}}