{"id":99939,"date":"2020-11-08T10:28:27","date_gmt":"2020-11-07T10:28:27","guid":{"rendered":"https:\/\/www.sylvie-monthule.com\/?post_type=product&#038;p=99939\/"},"modified":"2025-02-27T14:26:48","modified_gmt":"2025-02-27T13:26:48","slug":"chaine-taille-reins-le-souffle-disis-argent","status":"publish","type":"product","link":"https:\/\/www.sylvie-monthule.com\/fr\/bijou\/chaine-taille-reins-le-souffle-disis-argent\/","title":{"rendered":"Chaine taille reins \u00ab\u00a0Le souffle d&rsquo;Isis\u00a0\u00bb argent"},"content":{"rendered":"<p>Tout autour de vos hanches, une chaine scintille et Isis d\u00e9voile alors son eternelle beaut\u00e9 dans le creux de vos reins ! Ses ailes noires et argent, si douces, ont des \u00e9clats de lune. Provocation inattendue, Isis invite un long pendentif, \u00e0 glisser dans la raie de vos fesses : \u00e9clat bleu, chaine et perle se faufilent entre vos rondeurs, comme un long fleuve d&rsquo;amour, un fleuve de caresses&#8230; Une chaine de reins d&rsquo;une volupt\u00e9 extraordinaire.<\/p>\n","protected":false},"excerpt":{"rendered":"<p>Indiquez dans le bloc taille votre choix :<br \/>\nS, M, L, XL&#8230;. Quelle que soit la taille choisie<br \/>\nnos bijoux taille ont un r\u00e9glage.<\/p>\n<p>Plaqu\u00e9 argent 10 microns sur m\u00e9tal.<br \/>\nEmail noir. Pierre coloris Bleu.<br \/>\nHypoallerg\u00e9nique.<\/p>\n","protected":false},"featured_media":99464,"template":"","meta":{"_acf_changed":false},"product_brand":[],"product_cat":[58,67],"product_tag":[],"class_list":{"0":"post-99939","1":"product","2":"type-product","3":"status-publish","4":"has-post-thumbnail","6":"product_cat-bijou-intime-femme","7":"product_cat-bijoux-taille-et-cheville","8":"collection-le-souffle-du-plaisir","10":"first","11":"instock","12":"taxable","13":"shipping-taxable","14":"purchasable","15":"product-type-variable","16":"has-default-attributes"},"acf":[],"_links":{"self":[{"href":"https:\/\/www.sylvie-monthule.com\/fr\/wp-json\/wp\/v2\/product\/99939","targetHints":{"allow":["GET"]}}],"collection":[{"href":"https:\/\/www.sylvie-monthule.com\/fr\/wp-json\/wp\/v2\/product"}],"about":[{"href":"https:\/\/www.sylvie-monthule.com\/fr\/wp-json\/wp\/v2\/types\/product"}],"wp:featuredmedia":[{"embeddable":true,"href":"https:\/\/www.sylvie-monthule.com\/fr\/wp-json\/wp\/v2\/media\/99464"}],"wp:attachment":[{"href":"https:\/\/www.sylvie-monthule.com\/fr\/wp-json\/wp\/v2\/media?parent=99939"}],"wp:term":[{"taxonomy":"product_brand","embeddable":true,"href":"https:\/\/www.sylvie-monthule.com\/fr\/wp-json\/wp\/v2\/product_brand?post=99939"},{"taxonomy":"product_cat","embeddable":true,"href":"https:\/\/www.sylvie-monthule.com\/fr\/wp-json\/wp\/v2\/product_cat?post=99939"},{"taxonomy":"product_tag","embeddable":true,"href":"https:\/\/www.sylvie-monthule.com\/fr\/wp-json\/wp\/v2\/product_tag?post=99939"}],"curies":[{"name":"wp","href":"https:\/\/api.w.org\/{rel}","templated":true}]}}