{"id":99937,"date":"2020-11-08T10:28:25","date_gmt":"2020-11-07T10:28:25","guid":{"rendered":"https:\/\/www.sylvie-monthule.com\/?post_type=product&#038;p=99937\/"},"modified":"2025-10-06T08:09:58","modified_gmt":"2025-10-06T07:09:58","slug":"bijou-penis-scarabee-argent-et-noir","status":"publish","type":"product","link":"https:\/\/www.sylvie-monthule.com\/fr\/bijou\/bijou-penis-scarabee-argent-et-noir\/","title":{"rendered":"Bijou P\u00e9nis Scarab\u00e9e argent et noir"},"content":{"rendered":"<p style=\"text-align: justify;\">Le Scarab\u00e9e argent et noir parant votre sexe est si myst\u00e9rieux ! Il reste parfaitement en place et se laisse contempler. Puis les chaines d&rsquo;argent s&rsquo;\u00e9chappent du scarab\u00e9e, glissent sous votre p\u00e9nis pour d\u00e9voiler une boule h\u00e9matite, pleine et lisse frappant vos bourses.<\/p>\n","protected":false},"excerpt":{"rendered":"<p>Bijou de p\u00e9nis avec base \u00e9lastiqu\u00e9e<br \/>\nen coton pour un maintien parfait.<\/p>\n<p>Chaines maille for\u00e7at.<br \/>\nPlaqu\u00e9 argent 10 microns sur m\u00e9tal.<br \/>\nEmail noir. Boule h\u00e9matite.<br \/>\nHypoallerg\u00e9nique.<\/p>\n","protected":false},"featured_media":99316,"template":"","meta":{"_acf_changed":false},"product_brand":[],"product_cat":[56,65],"product_tag":[],"class_list":{"0":"post-99937","1":"product","2":"type-product","3":"status-publish","4":"has-post-thumbnail","6":"product_cat-bijoux-hommes","7":"product_cat-bijoux-intimes-sexe","8":"collection-30-ans-derotisme","9":"collection-le-souffle-du-plaisir","11":"first","12":"instock","13":"taxable","14":"shipping-taxable","15":"purchasable","16":"product-type-simple"},"acf":[],"_links":{"self":[{"href":"https:\/\/www.sylvie-monthule.com\/fr\/wp-json\/wp\/v2\/product\/99937","targetHints":{"allow":["GET"]}}],"collection":[{"href":"https:\/\/www.sylvie-monthule.com\/fr\/wp-json\/wp\/v2\/product"}],"about":[{"href":"https:\/\/www.sylvie-monthule.com\/fr\/wp-json\/wp\/v2\/types\/product"}],"wp:featuredmedia":[{"embeddable":true,"href":"https:\/\/www.sylvie-monthule.com\/fr\/wp-json\/wp\/v2\/media\/99316"}],"wp:attachment":[{"href":"https:\/\/www.sylvie-monthule.com\/fr\/wp-json\/wp\/v2\/media?parent=99937"}],"wp:term":[{"taxonomy":"product_brand","embeddable":true,"href":"https:\/\/www.sylvie-monthule.com\/fr\/wp-json\/wp\/v2\/product_brand?post=99937"},{"taxonomy":"product_cat","embeddable":true,"href":"https:\/\/www.sylvie-monthule.com\/fr\/wp-json\/wp\/v2\/product_cat?post=99937"},{"taxonomy":"product_tag","embeddable":true,"href":"https:\/\/www.sylvie-monthule.com\/fr\/wp-json\/wp\/v2\/product_tag?post=99937"}],"curies":[{"name":"wp","href":"https:\/\/api.w.org\/{rel}","templated":true}]}}