{"id":99936,"date":"2020-11-08T10:28:24","date_gmt":"2020-11-07T10:28:24","guid":{"rendered":"https:\/\/www.sylvie-monthule.com\/?post_type=product&#038;p=99936\/"},"modified":"2025-02-17T08:48:25","modified_gmt":"2025-02-17T07:48:25","slug":"bijou-penis-scarabee-or-et-noir","status":"publish","type":"product","link":"https:\/\/www.sylvie-monthule.com\/fr\/bijou\/bijou-penis-scarabee-or-et-noir\/","title":{"rendered":"Bijou P\u00e9nis Scarab\u00e9e or et noir"},"content":{"rendered":"<p style=\"text-align: justify;\">Le Scarab\u00e9e or et noir ornant votre p\u00e9nis est si troublant ! Captur\u00e9 par l&rsquo;\u00e9lastique qui enlace la base de votre sexe, il se laisse admirer puis r\u00e9v\u00e8le son secret : les chaines qui s&rsquo;\u00e9chappent du scarab\u00e9e glissent sous votre verge et une boule h\u00e9matite, pleine et lisse, rebondit sur vos bourses.<\/p>\n","protected":false},"excerpt":{"rendered":"<p>Bijou de p\u00e9nis avec base \u00e9lastiqu\u00e9e<br \/>\nen coton pour un maintien parfait.<\/p>\n<p>Chaines maille for\u00e7at.<br \/>\nHaute dorure 1 micron 16 carats<br \/>\net finition 24 carats sur m\u00e9tal.<br \/>\nEmail noir. Boule h\u00e9matite.<br \/>\nHypoallerg\u00e9nique.<\/p>\n","protected":false},"featured_media":99296,"template":"","meta":{"_acf_changed":false},"product_brand":[],"product_cat":[56,65],"product_tag":[],"class_list":{"0":"post-99936","1":"product","2":"type-product","3":"status-publish","4":"has-post-thumbnail","6":"product_cat-bijoux-hommes","7":"product_cat-bijoux-intimes-sexe","8":"collection-le-souffle-du-plaisir","10":"first","11":"instock","12":"taxable","13":"shipping-taxable","14":"purchasable","15":"product-type-simple"},"acf":[],"_links":{"self":[{"href":"https:\/\/www.sylvie-monthule.com\/fr\/wp-json\/wp\/v2\/product\/99936","targetHints":{"allow":["GET"]}}],"collection":[{"href":"https:\/\/www.sylvie-monthule.com\/fr\/wp-json\/wp\/v2\/product"}],"about":[{"href":"https:\/\/www.sylvie-monthule.com\/fr\/wp-json\/wp\/v2\/types\/product"}],"wp:featuredmedia":[{"embeddable":true,"href":"https:\/\/www.sylvie-monthule.com\/fr\/wp-json\/wp\/v2\/media\/99296"}],"wp:attachment":[{"href":"https:\/\/www.sylvie-monthule.com\/fr\/wp-json\/wp\/v2\/media?parent=99936"}],"wp:term":[{"taxonomy":"product_brand","embeddable":true,"href":"https:\/\/www.sylvie-monthule.com\/fr\/wp-json\/wp\/v2\/product_brand?post=99936"},{"taxonomy":"product_cat","embeddable":true,"href":"https:\/\/www.sylvie-monthule.com\/fr\/wp-json\/wp\/v2\/product_cat?post=99936"},{"taxonomy":"product_tag","embeddable":true,"href":"https:\/\/www.sylvie-monthule.com\/fr\/wp-json\/wp\/v2\/product_tag?post=99936"}],"curies":[{"name":"wp","href":"https:\/\/api.w.org\/{rel}","templated":true}]}}