{"id":99935,"date":"2020-11-08T10:28:23","date_gmt":"2020-11-07T10:28:23","guid":{"rendered":"https:\/\/www.sylvie-monthule.com\/?post_type=product&#038;p=99935\/"},"modified":"2025-02-17T08:48:02","modified_gmt":"2025-02-17T07:48:02","slug":"chaine-cheville-oeil-dhorus-argent","status":"publish","type":"product","link":"https:\/\/www.sylvie-monthule.com\/fr\/bijou\/chaine-cheville-oeil-dhorus-argent\/","title":{"rendered":"Chaine cheville \u00ab\u00a0Oeil d&rsquo;Horus\u00a0\u00bb Argent"},"content":{"rendered":"<p style=\"text-align: justify;\">A votre cheville, l&rsquo;Oeil d&rsquo;Horus murmure mille secrets mill\u00e9naires. Suspendu \u00e0 la fine chaine, l&rsquo;oeil scintille, myst\u00e9rieux, v\u00eatu d&rsquo;Argent.<\/p>\n","protected":false},"excerpt":{"rendered":"<p>Bijou pour cheville avec r\u00e9glage<br \/>\n\u00e0 22 et 25 cm.<\/p>\n<p>Plaqu\u00e9 argent 10 microns.<br \/>\nHypoallerg\u00e9nique.<\/p>\n","protected":false},"featured_media":99372,"template":"","meta":{"_acf_changed":false},"product_brand":[],"product_cat":[58,67],"product_tag":[],"class_list":{"0":"post-99935","1":"product","2":"type-product","3":"status-publish","4":"has-post-thumbnail","6":"product_cat-bijou-intime-femme","7":"product_cat-bijoux-taille-et-cheville","8":"collection-le-souffle-du-plaisir","10":"first","11":"instock","12":"taxable","13":"shipping-taxable","14":"purchasable","15":"product-type-simple"},"acf":[],"_links":{"self":[{"href":"https:\/\/www.sylvie-monthule.com\/fr\/wp-json\/wp\/v2\/product\/99935","targetHints":{"allow":["GET"]}}],"collection":[{"href":"https:\/\/www.sylvie-monthule.com\/fr\/wp-json\/wp\/v2\/product"}],"about":[{"href":"https:\/\/www.sylvie-monthule.com\/fr\/wp-json\/wp\/v2\/types\/product"}],"wp:featuredmedia":[{"embeddable":true,"href":"https:\/\/www.sylvie-monthule.com\/fr\/wp-json\/wp\/v2\/media\/99372"}],"wp:attachment":[{"href":"https:\/\/www.sylvie-monthule.com\/fr\/wp-json\/wp\/v2\/media?parent=99935"}],"wp:term":[{"taxonomy":"product_brand","embeddable":true,"href":"https:\/\/www.sylvie-monthule.com\/fr\/wp-json\/wp\/v2\/product_brand?post=99935"},{"taxonomy":"product_cat","embeddable":true,"href":"https:\/\/www.sylvie-monthule.com\/fr\/wp-json\/wp\/v2\/product_cat?post=99935"},{"taxonomy":"product_tag","embeddable":true,"href":"https:\/\/www.sylvie-monthule.com\/fr\/wp-json\/wp\/v2\/product_tag?post=99935"}],"curies":[{"name":"wp","href":"https:\/\/api.w.org\/{rel}","templated":true}]}}