{"id":99933,"date":"2020-11-08T10:28:21","date_gmt":"2020-11-07T10:28:21","guid":{"rendered":"https:\/\/www.sylvie-monthule.com\/?post_type=product&#038;p=99933\/"},"modified":"2025-02-17T08:47:01","modified_gmt":"2025-02-17T07:47:01","slug":"string-scarabee-secret-argent","status":"publish","type":"product","link":"https:\/\/www.sylvie-monthule.com\/fr\/bijou\/string-scarabee-secret-argent\/","title":{"rendered":"String Scarab\u00e9e Secret Argent"},"content":{"rendered":"<p style=\"text-align: justify;\">Un myst\u00e9rieux string scarab\u00e9e, argent et noir, habille votre pubis. Cern\u00e9 de fines chaines, le scarab\u00e9e rev\u00e8le les secrets de votre sexe! Quelle beaut\u00e9 que ces pendentifs amulettes m\u00e9langeant pierres h\u00e9matites et reflets d&rsquo;argent&#8230; Ils se rebellent, effleurant sans cesse vos l\u00e8vres avec volupt\u00e9 pour vous inviter \u00e0 l&rsquo;amour. Et quel trouble de d\u00e9couvrir ces deux hi\u00e9roglyphes d&rsquo;argent dans la chute de vos reins !<\/p>\n","protected":false},"excerpt":{"rendered":"<p>Gr\u00e2ce \u00e0 ses \u00e9lastiques en coton doux,<br \/>\nvous positionnez le bijou string \u00e0 la perfection.<\/p>\n<p>Plaqu\u00e9 argent 10 microns sur m\u00e9tal.<br \/>\nEmail noir. Pierres H\u00e9matites. Dos avec hi\u00e9roglyphes.<br \/>\nhypoallerg\u00e9nique.<\/p>\n","protected":false},"featured_media":99792,"template":"","meta":{"_acf_changed":false},"product_brand":[],"product_cat":[58,59],"product_tag":[],"class_list":{"0":"post-99933","1":"product","2":"type-product","3":"status-publish","4":"has-post-thumbnail","6":"product_cat-bijou-intime-femme","7":"product_cat-strings-bijoux","8":"collection-le-souffle-du-plaisir","9":"product_option-tableau-tailles","11":"first","12":"instock","13":"taxable","14":"shipping-taxable","15":"purchasable","16":"product-type-simple"},"acf":[],"_links":{"self":[{"href":"https:\/\/www.sylvie-monthule.com\/fr\/wp-json\/wp\/v2\/product\/99933","targetHints":{"allow":["GET"]}}],"collection":[{"href":"https:\/\/www.sylvie-monthule.com\/fr\/wp-json\/wp\/v2\/product"}],"about":[{"href":"https:\/\/www.sylvie-monthule.com\/fr\/wp-json\/wp\/v2\/types\/product"}],"wp:featuredmedia":[{"embeddable":true,"href":"https:\/\/www.sylvie-monthule.com\/fr\/wp-json\/wp\/v2\/media\/99792"}],"wp:attachment":[{"href":"https:\/\/www.sylvie-monthule.com\/fr\/wp-json\/wp\/v2\/media?parent=99933"}],"wp:term":[{"taxonomy":"product_brand","embeddable":true,"href":"https:\/\/www.sylvie-monthule.com\/fr\/wp-json\/wp\/v2\/product_brand?post=99933"},{"taxonomy":"product_cat","embeddable":true,"href":"https:\/\/www.sylvie-monthule.com\/fr\/wp-json\/wp\/v2\/product_cat?post=99933"},{"taxonomy":"product_tag","embeddable":true,"href":"https:\/\/www.sylvie-monthule.com\/fr\/wp-json\/wp\/v2\/product_tag?post=99933"}],"curies":[{"name":"wp","href":"https:\/\/api.w.org\/{rel}","templated":true}]}}