{"id":99930,"date":"2020-11-08T10:28:18","date_gmt":"2020-11-07T10:28:18","guid":{"rendered":"https:\/\/www.sylvie-monthule.com\/?post_type=product&#038;p=99930\/"},"modified":"2026-02-19T10:33:58","modified_gmt":"2026-02-19T09:33:58","slug":"collier-seins-le-souffle-disis-or","status":"publish","type":"product","link":"https:\/\/www.sylvie-monthule.com\/fr\/bijou\/collier-seins-le-souffle-disis-or\/","title":{"rendered":"Collier seins \u00ab\u00a0Le Souffle d&rsquo;Isis\u00a0\u00bb Or"},"content":{"rendered":"<p style=\"text-align: justify;\">Le vent du d\u00e9sir soul\u00e8ve la soie qui voile votre poitrine. Entre vos seins, la D\u00e9esse Isis respire. Les bras orn\u00e9s de bracelets, elle d\u00e9ploie ses ailes noires et or, pour sacrer votre beaut\u00e9 et l&rsquo;offrir aux regards&#8230;Enfin d\u00e9voil\u00e9es, les chaines d&rsquo;or coulent comme un fleuve jusqu&rsquo;aux rives de vos seins tendus, murmurant d&rsquo;infinies caresses, enla\u00e7ant vos t\u00e9tons dress\u00e9s&#8230; Un bijou seins pour envo\u00fbter le corps!<\/p>\n","protected":false},"excerpt":{"rendered":"<p>Gr\u00e2ce \u00e0 la chaine de r\u00e9glage cou, vous ajusterez<br \/>\ncomme vous le souhaitez votre collier seins.<br \/>\nHaute dorure 1 micron<br \/>\n16 carats et finition 24 carats.<br \/>\nEmail noir. Pierre couleur Topaze. Hypoallerg\u00e9nique.<\/p>\n<p>Attaches-seins non piercing, indolores<br \/>\net coulissantes, s&rsquo;adaptant \u00e0 tous les diam\u00e8tres<br \/>\nde t\u00e9tons.<\/p>\n","protected":false},"featured_media":99540,"template":"","meta":{"_acf_changed":false},"product_brand":[],"product_cat":[58,69],"product_tag":[],"class_list":{"0":"post-99930","1":"product","2":"type-product","3":"status-publish","4":"has-post-thumbnail","6":"product_cat-bijou-intime-femme","7":"product_cat-bijoux-seins-non-piercing","8":"collection-30-ans-derotisme","9":"collection-le-souffle-du-plaisir","11":"first","12":"instock","13":"taxable","14":"shipping-taxable","15":"purchasable","16":"product-type-simple"},"acf":[],"_links":{"self":[{"href":"https:\/\/www.sylvie-monthule.com\/fr\/wp-json\/wp\/v2\/product\/99930","targetHints":{"allow":["GET"]}}],"collection":[{"href":"https:\/\/www.sylvie-monthule.com\/fr\/wp-json\/wp\/v2\/product"}],"about":[{"href":"https:\/\/www.sylvie-monthule.com\/fr\/wp-json\/wp\/v2\/types\/product"}],"wp:featuredmedia":[{"embeddable":true,"href":"https:\/\/www.sylvie-monthule.com\/fr\/wp-json\/wp\/v2\/media\/99540"}],"wp:attachment":[{"href":"https:\/\/www.sylvie-monthule.com\/fr\/wp-json\/wp\/v2\/media?parent=99930"}],"wp:term":[{"taxonomy":"product_brand","embeddable":true,"href":"https:\/\/www.sylvie-monthule.com\/fr\/wp-json\/wp\/v2\/product_brand?post=99930"},{"taxonomy":"product_cat","embeddable":true,"href":"https:\/\/www.sylvie-monthule.com\/fr\/wp-json\/wp\/v2\/product_cat?post=99930"},{"taxonomy":"product_tag","embeddable":true,"href":"https:\/\/www.sylvie-monthule.com\/fr\/wp-json\/wp\/v2\/product_tag?post=99930"}],"curies":[{"name":"wp","href":"https:\/\/api.w.org\/{rel}","templated":true}]}}