{"id":99928,"date":"2020-11-08T10:28:16","date_gmt":"2020-11-07T10:28:16","guid":{"rendered":"https:\/\/www.sylvie-monthule.com\/?post_type=product&#038;p=99928\/"},"modified":"2025-02-17T08:48:26","modified_gmt":"2025-02-17T07:48:26","slug":"bracelet-de-penis-hieroglyphe-or","status":"publish","type":"product","link":"https:\/\/www.sylvie-monthule.com\/fr\/bijou\/bracelet-de-penis-hieroglyphe-or\/","title":{"rendered":"Bracelet de p\u00e9nis Hi\u00e9roglyphe Or"},"content":{"rendered":"<p style=\"text-align: justify;\">Quelle puret\u00e9 que ce bracelet Hi\u00e9roglyphe enla\u00e7ant votre p\u00e9nis&#8230; Un bijou de corps comme un message intime, un language secret! Cet ornement de sexe, raffin\u00e9 et v\u00eatu d&rsquo;or, s&rsquo;adaptera \u00e0 votre verge, quels que soient vos d\u00e9sirs, gr\u00e2ce \u00e0 sa base \u00e9lastiqu\u00e9e.<\/p>\n","protected":false},"excerpt":{"rendered":"<p>Bracelet de p\u00e9nis avec base \u00e9lastiqu\u00e9e<br \/>\nen coton pour un maintien parfait.<\/p>\n<p>Haute dorure 1 micron 16 carats<br \/>\net finition 24 carats sur m\u00e9tal.<br \/>\nHypoallerg\u00e9nique.<\/p>\n","protected":false},"featured_media":99264,"template":"","meta":{"_acf_changed":false},"product_brand":[],"product_cat":[56,65],"product_tag":[],"class_list":{"0":"post-99928","1":"product","2":"type-product","3":"status-publish","4":"has-post-thumbnail","6":"product_cat-bijoux-hommes","7":"product_cat-bijoux-intimes-sexe","8":"collection-le-souffle-du-plaisir","10":"first","11":"instock","12":"taxable","13":"shipping-taxable","14":"purchasable","15":"product-type-simple"},"acf":[],"_links":{"self":[{"href":"https:\/\/www.sylvie-monthule.com\/fr\/wp-json\/wp\/v2\/product\/99928","targetHints":{"allow":["GET"]}}],"collection":[{"href":"https:\/\/www.sylvie-monthule.com\/fr\/wp-json\/wp\/v2\/product"}],"about":[{"href":"https:\/\/www.sylvie-monthule.com\/fr\/wp-json\/wp\/v2\/types\/product"}],"wp:featuredmedia":[{"embeddable":true,"href":"https:\/\/www.sylvie-monthule.com\/fr\/wp-json\/wp\/v2\/media\/99264"}],"wp:attachment":[{"href":"https:\/\/www.sylvie-monthule.com\/fr\/wp-json\/wp\/v2\/media?parent=99928"}],"wp:term":[{"taxonomy":"product_brand","embeddable":true,"href":"https:\/\/www.sylvie-monthule.com\/fr\/wp-json\/wp\/v2\/product_brand?post=99928"},{"taxonomy":"product_cat","embeddable":true,"href":"https:\/\/www.sylvie-monthule.com\/fr\/wp-json\/wp\/v2\/product_cat?post=99928"},{"taxonomy":"product_tag","embeddable":true,"href":"https:\/\/www.sylvie-monthule.com\/fr\/wp-json\/wp\/v2\/product_tag?post=99928"}],"curies":[{"name":"wp","href":"https:\/\/api.w.org\/{rel}","templated":true}]}}