{"id":99927,"date":"2020-11-08T10:28:16","date_gmt":"2020-11-07T10:28:16","guid":{"rendered":"https:\/\/www.sylvie-monthule.com\/?post_type=product&#038;p=99927\/"},"modified":"2025-10-06T08:12:14","modified_gmt":"2025-10-06T07:12:14","slug":"bijou-testicules-cobra-sacre-argent","status":"publish","type":"product","link":"https:\/\/www.sylvie-monthule.com\/fr\/bijou\/bijou-testicules-cobra-sacre-argent\/","title":{"rendered":"Bijou testicules Cobra sacr\u00e9 argent"},"content":{"rendered":"<p style=\"text-align: justify;\">Un magnifique serpent blotti sur vos testicules, se dresse&#8230; Un cobra noir et argent, lisse et cambr\u00e9, fait corps avec votre sexe, avec vos d\u00e9sirs. Le pendentif de boules h\u00e9matites vient battre sur vos bourses \u00e0 chaque mouvement&#8230; Votre partenaire d\u00e9couvrira d&rsquo;abord votre p\u00e9nis gliss\u00e9 dans un jeu de chaines, avant d&rsquo;\u00eatre subjugu\u00e9 par la puissance de ce cobra!<\/p>\n","protected":false},"excerpt":{"rendered":"<p>Bijou testicules avec base \u00e9lastiqu\u00e9e<br \/>\nen coton et chaines<br \/>\npour un maintien parfait.<\/p>\n<p>Plaqu\u00e9 argent 10 microns sur m\u00e9tal.<br \/>\nEmail noir et boules h\u00e9matites.<br \/>\nHypoallerg\u00e9nique.<\/p>\n","protected":false},"featured_media":99244,"template":"","meta":{"_acf_changed":false},"product_brand":[],"product_cat":[56,65],"product_tag":[],"class_list":{"0":"post-99927","1":"product","2":"type-product","3":"status-publish","4":"has-post-thumbnail","6":"product_cat-bijoux-hommes","7":"product_cat-bijoux-intimes-sexe","8":"collection-30-ans-derotisme","9":"collection-le-souffle-du-plaisir","11":"first","12":"instock","13":"taxable","14":"shipping-taxable","15":"purchasable","16":"product-type-simple"},"acf":[],"_links":{"self":[{"href":"https:\/\/www.sylvie-monthule.com\/fr\/wp-json\/wp\/v2\/product\/99927","targetHints":{"allow":["GET"]}}],"collection":[{"href":"https:\/\/www.sylvie-monthule.com\/fr\/wp-json\/wp\/v2\/product"}],"about":[{"href":"https:\/\/www.sylvie-monthule.com\/fr\/wp-json\/wp\/v2\/types\/product"}],"wp:featuredmedia":[{"embeddable":true,"href":"https:\/\/www.sylvie-monthule.com\/fr\/wp-json\/wp\/v2\/media\/99244"}],"wp:attachment":[{"href":"https:\/\/www.sylvie-monthule.com\/fr\/wp-json\/wp\/v2\/media?parent=99927"}],"wp:term":[{"taxonomy":"product_brand","embeddable":true,"href":"https:\/\/www.sylvie-monthule.com\/fr\/wp-json\/wp\/v2\/product_brand?post=99927"},{"taxonomy":"product_cat","embeddable":true,"href":"https:\/\/www.sylvie-monthule.com\/fr\/wp-json\/wp\/v2\/product_cat?post=99927"},{"taxonomy":"product_tag","embeddable":true,"href":"https:\/\/www.sylvie-monthule.com\/fr\/wp-json\/wp\/v2\/product_tag?post=99927"}],"curies":[{"name":"wp","href":"https:\/\/api.w.org\/{rel}","templated":true}]}}