{"id":99925,"date":"2020-11-08T10:28:14","date_gmt":"2020-11-07T10:28:14","guid":{"rendered":"https:\/\/www.sylvie-monthule.com\/?post_type=product&#038;p=99925\/"},"modified":"2025-02-17T08:47:22","modified_gmt":"2025-02-17T07:47:22","slug":"bijoux-seins-scarabees-sacres-argent","status":"publish","type":"product","link":"https:\/\/www.sylvie-monthule.com\/fr\/bijou\/bijoux-seins-scarabees-sacres-argent\/","title":{"rendered":"Bijoux seins Scarab\u00e9es sacr\u00e9s argent"},"content":{"rendered":"<p style=\"text-align: justify;\">Deux scarab\u00e9es argent et noir sacrent vos t\u00e9tons. D\u00e9licats, hypnotiques, tels deux talismans, ils honorent votre beaut\u00e9. Suspendus \u00e0 vos t\u00e9tons, leurs caresses fr\u00f4lent sans cesse la courbe voluptueuse de vos seins. Sublimes symboles venus d&rsquo;Egypte, ils scintillent et tanguent sur votre corps&#8230;<\/p>\n","protected":false},"excerpt":{"rendered":"<p>Bijoux seins avec attaches-t\u00e9tons non piercing,<br \/>\nindolores et coulissantes, s&rsquo;adaptant<br \/>\n\u00e0 toutes les tailles de t\u00e9tons.<\/p>\n<p>Plaqu\u00e9 argent 10 microns sur m\u00e9tal.<br \/>\nEmail noir. Hypoallerg\u00e9nique.<\/p>\n","protected":false},"featured_media":99204,"template":"","meta":{"_acf_changed":false},"product_brand":[],"product_cat":[58,69],"product_tag":[],"class_list":{"0":"post-99925","1":"product","2":"type-product","3":"status-publish","4":"has-post-thumbnail","6":"product_cat-bijou-intime-femme","7":"product_cat-bijoux-seins-non-piercing","8":"collection-le-souffle-du-plaisir","9":"product_option-vendu-par-paire","11":"first","12":"instock","13":"taxable","14":"shipping-taxable","15":"purchasable","16":"product-type-simple"},"acf":[],"_links":{"self":[{"href":"https:\/\/www.sylvie-monthule.com\/fr\/wp-json\/wp\/v2\/product\/99925","targetHints":{"allow":["GET"]}}],"collection":[{"href":"https:\/\/www.sylvie-monthule.com\/fr\/wp-json\/wp\/v2\/product"}],"about":[{"href":"https:\/\/www.sylvie-monthule.com\/fr\/wp-json\/wp\/v2\/types\/product"}],"wp:featuredmedia":[{"embeddable":true,"href":"https:\/\/www.sylvie-monthule.com\/fr\/wp-json\/wp\/v2\/media\/99204"}],"wp:attachment":[{"href":"https:\/\/www.sylvie-monthule.com\/fr\/wp-json\/wp\/v2\/media?parent=99925"}],"wp:term":[{"taxonomy":"product_brand","embeddable":true,"href":"https:\/\/www.sylvie-monthule.com\/fr\/wp-json\/wp\/v2\/product_brand?post=99925"},{"taxonomy":"product_cat","embeddable":true,"href":"https:\/\/www.sylvie-monthule.com\/fr\/wp-json\/wp\/v2\/product_cat?post=99925"},{"taxonomy":"product_tag","embeddable":true,"href":"https:\/\/www.sylvie-monthule.com\/fr\/wp-json\/wp\/v2\/product_tag?post=99925"}],"curies":[{"name":"wp","href":"https:\/\/api.w.org\/{rel}","templated":true}]}}