{"id":99922,"date":"2020-11-08T10:28:10","date_gmt":"2020-11-07T10:28:10","guid":{"rendered":"https:\/\/www.sylvie-monthule.com\/?post_type=product&#038;p=99922\/"},"modified":"2025-02-17T08:47:23","modified_gmt":"2025-02-17T07:47:23","slug":"bijoux-seins-oeil-dhorus-or","status":"publish","type":"product","link":"https:\/\/www.sylvie-monthule.com\/fr\/bijou\/bijoux-seins-oeil-dhorus-or\/","title":{"rendered":"Bijoux seins \u00ab\u00a0Oeil d&rsquo;Horus\u00a0\u00bb or"},"content":{"rendered":"<p style=\"text-align: justify;\">Deux fins bijoux Egyptiens ornent vos t\u00e9tons! Magie de ces yeux d&rsquo;or qui habillent vos seins de lumi\u00e8re, beaut\u00e9 presque ir\u00e9elle de ces regards dont les perles minuscules glissent sur la peau, comme deux larmes sacr\u00e9es.<\/p>\n","protected":false},"excerpt":{"rendered":"<p>Bijoux avec attaches-seins non piercing,<br \/>\nindolores et coulissantes, s&rsquo;adaptant<br \/>\n\u00e0 toutes les tailles de t\u00e9tons.<\/p>\n<p>Traitement haute dorure<br \/>\n1 micron 16 carats et finition 24 carats<br \/>\nsur m\u00e9tal. Perles H\u00e9matite.<br \/>\nHypoallerg\u00e9nique.<\/p>\n","protected":false},"featured_media":99148,"template":"","meta":{"_acf_changed":false},"product_brand":[],"product_cat":[58,69],"product_tag":[],"class_list":{"0":"post-99922","1":"product","2":"type-product","3":"status-publish","4":"has-post-thumbnail","6":"product_cat-bijou-intime-femme","7":"product_cat-bijoux-seins-non-piercing","8":"collection-le-souffle-du-plaisir","9":"product_option-vendu-par-paire","11":"first","12":"instock","13":"taxable","14":"shipping-taxable","15":"purchasable","16":"product-type-simple"},"acf":[],"_links":{"self":[{"href":"https:\/\/www.sylvie-monthule.com\/fr\/wp-json\/wp\/v2\/product\/99922","targetHints":{"allow":["GET"]}}],"collection":[{"href":"https:\/\/www.sylvie-monthule.com\/fr\/wp-json\/wp\/v2\/product"}],"about":[{"href":"https:\/\/www.sylvie-monthule.com\/fr\/wp-json\/wp\/v2\/types\/product"}],"wp:featuredmedia":[{"embeddable":true,"href":"https:\/\/www.sylvie-monthule.com\/fr\/wp-json\/wp\/v2\/media\/99148"}],"wp:attachment":[{"href":"https:\/\/www.sylvie-monthule.com\/fr\/wp-json\/wp\/v2\/media?parent=99922"}],"wp:term":[{"taxonomy":"product_brand","embeddable":true,"href":"https:\/\/www.sylvie-monthule.com\/fr\/wp-json\/wp\/v2\/product_brand?post=99922"},{"taxonomy":"product_cat","embeddable":true,"href":"https:\/\/www.sylvie-monthule.com\/fr\/wp-json\/wp\/v2\/product_cat?post=99922"},{"taxonomy":"product_tag","embeddable":true,"href":"https:\/\/www.sylvie-monthule.com\/fr\/wp-json\/wp\/v2\/product_tag?post=99922"}],"curies":[{"name":"wp","href":"https:\/\/api.w.org\/{rel}","templated":true}]}}