{"id":99921,"date":"2020-11-08T10:28:09","date_gmt":"2020-11-07T10:28:09","guid":{"rendered":"https:\/\/www.sylvie-monthule.com\/?post_type=product&#038;p=99921\/"},"modified":"2025-02-17T08:47:02","modified_gmt":"2025-02-17T07:47:02","slug":"string-le-baiser-disis-argent","status":"publish","type":"product","link":"https:\/\/www.sylvie-monthule.com\/fr\/bijou\/string-le-baiser-disis-argent\/","title":{"rendered":"String \u00ab\u00a0Le Baiser d&rsquo;Isis\u00a0\u00bb argent"},"content":{"rendered":"<p style=\"text-align: justify;\">Sur la dune satin\u00e9e de votre pubis, une d\u00e9esse d&rsquo;argent apparait, sensuelle, nue. Son corps voluptueux d\u00e9ployant ses ailes noires est une splendeur \u00e9rotique. Assise sur une pierre bleue, bomb\u00e9e et douce, si troublante \u00e0 toucher&#8230; Isis enflamme votre sexe de rivi\u00e8res d&rsquo;argent et la perle, insolente goutte de plaisir, entame sa danse hypnotique, fr\u00f4lant votre sexe, caressant votre clitoris, se blottissant entre vos l\u00e8vres&#8230; La goutte s&rsquo;abandonne \u00e0 vos caprices les plus excitants ! Point d&rsquo;orgue \u00e0 votre beaut\u00e9, un scarab\u00e9e argent et noir scintille dans le creux de vos reins.<\/p>\n","protected":false},"excerpt":{"rendered":"<p>Gr\u00e2ce \u00e0 ses \u00e9lastiques en coton doux,<br \/>\nvous positionnez le bijou string \u00e0 la perfection.<\/p>\n<p>Plaqu\u00e9 argent 10 microns sur m\u00e9tal.<br \/>\nEmail noir. Pierre couleur bleu.<br \/>\nScarab\u00e9e argent et noir au dos.<br \/>\nHypoallerg\u00e9nique.<\/p>\n","protected":false},"featured_media":99748,"template":"","meta":{"_acf_changed":false},"product_brand":[],"product_cat":[58,59],"product_tag":[],"class_list":{"0":"post-99921","1":"product","2":"type-product","3":"status-publish","4":"has-post-thumbnail","6":"product_cat-bijou-intime-femme","7":"product_cat-strings-bijoux","8":"collection-le-souffle-du-plaisir","9":"product_option-tableau-tailles","11":"first","12":"instock","13":"taxable","14":"shipping-taxable","15":"purchasable","16":"product-type-simple"},"acf":[],"_links":{"self":[{"href":"https:\/\/www.sylvie-monthule.com\/fr\/wp-json\/wp\/v2\/product\/99921","targetHints":{"allow":["GET"]}}],"collection":[{"href":"https:\/\/www.sylvie-monthule.com\/fr\/wp-json\/wp\/v2\/product"}],"about":[{"href":"https:\/\/www.sylvie-monthule.com\/fr\/wp-json\/wp\/v2\/types\/product"}],"wp:featuredmedia":[{"embeddable":true,"href":"https:\/\/www.sylvie-monthule.com\/fr\/wp-json\/wp\/v2\/media\/99748"}],"wp:attachment":[{"href":"https:\/\/www.sylvie-monthule.com\/fr\/wp-json\/wp\/v2\/media?parent=99921"}],"wp:term":[{"taxonomy":"product_brand","embeddable":true,"href":"https:\/\/www.sylvie-monthule.com\/fr\/wp-json\/wp\/v2\/product_brand?post=99921"},{"taxonomy":"product_cat","embeddable":true,"href":"https:\/\/www.sylvie-monthule.com\/fr\/wp-json\/wp\/v2\/product_cat?post=99921"},{"taxonomy":"product_tag","embeddable":true,"href":"https:\/\/www.sylvie-monthule.com\/fr\/wp-json\/wp\/v2\/product_tag?post=99921"}],"curies":[{"name":"wp","href":"https:\/\/api.w.org\/{rel}","templated":true}]}}