{"id":876,"date":"2008-12-08T00:00:00","date_gmt":"2008-12-07T23:00:00","guid":{"rendered":"http:\/\/www.sylvie-monthule.com\/?product=le-bijou-clit-ose"},"modified":"2025-02-25T14:49:39","modified_gmt":"2025-02-25T13:49:39","slug":"le-bijou-clit-ose","status":"publish","type":"product","link":"https:\/\/www.sylvie-monthule.com\/fr\/bijou\/le-bijou-clit-ose\/","title":{"rendered":"Le Bijou Clit&rsquo; Ose Or"},"content":{"rendered":"<p>Un des tous premiers bijoux clitoris de Sylvie Monthul\u00e9! Le mettre en place est d\u00e9j\u00e0 un d\u00e9lice. Conique et lisse, suffisamment profond, il se positionne en \u00e9pousant \u00e0 la perfection les formes du sexe. Il en \u00e9carte d\u00e9licatement les l\u00e8vres et se love amoureusement autour du Clitoris pour le faire saillir&#8230; votre bouton de rose se dresse naturellement, cern\u00e9 d&rsquo;Or et de cristal. Invitez vos doigts dans la ravissante ouverture du bijou \u00e0 caresser l&rsquo;objet de votre d\u00e9sir et succombez \u00e0 la magie du plaisir! Un bijou \u00e0 faire d\u00e9couvrir \u00e0 votre partenaire sans plus attendre!<\/p>\n","protected":false},"excerpt":{"rendered":"<p>La forme du Bijou Clit&rsquo; Ose vous permet de le placer exactement l\u00e0 o\u00f9 il faut sans g\u00eane. Il pourra se porter en toutes circonstances, comme un String, et ne vous quittera qu&rsquo;au moment choisi par Vous.<\/p>\n<p>Mati\u00e8re : Cristaux purs \u00e0 facettes. Bijou plaqu\u00e9 or 3 microns 16 carats et finition 24 carats sur m\u00e9tal. Sans nickel. Elastiques coton. Lavable main. Hypoallerg\u00e9nique.<br \/>\nCouleur : Or et Cristal<br \/>\nConception : Sylvie Monthul\u00e9<\/p>\n","protected":false},"featured_media":12959,"template":"","meta":{"_acf_changed":false},"product_brand":[],"product_cat":[58,70],"product_tag":[],"class_list":{"0":"post-876","1":"product","2":"type-product","3":"status-publish","4":"has-post-thumbnail","6":"product_cat-bijou-intime-femme","7":"product_cat-bijoux-clitoris","8":"collection-un-diamant-intime-pour-toi-fr","9":"collection-anciennes-collections","10":"product_option-tableau-tailles","12":"first","13":"instock","14":"taxable","15":"shipping-taxable","16":"purchasable","17":"product-type-simple"},"acf":[],"_links":{"self":[{"href":"https:\/\/www.sylvie-monthule.com\/fr\/wp-json\/wp\/v2\/product\/876","targetHints":{"allow":["GET"]}}],"collection":[{"href":"https:\/\/www.sylvie-monthule.com\/fr\/wp-json\/wp\/v2\/product"}],"about":[{"href":"https:\/\/www.sylvie-monthule.com\/fr\/wp-json\/wp\/v2\/types\/product"}],"wp:featuredmedia":[{"embeddable":true,"href":"https:\/\/www.sylvie-monthule.com\/fr\/wp-json\/wp\/v2\/media\/12959"}],"wp:attachment":[{"href":"https:\/\/www.sylvie-monthule.com\/fr\/wp-json\/wp\/v2\/media?parent=876"}],"wp:term":[{"taxonomy":"product_brand","embeddable":true,"href":"https:\/\/www.sylvie-monthule.com\/fr\/wp-json\/wp\/v2\/product_brand?post=876"},{"taxonomy":"product_cat","embeddable":true,"href":"https:\/\/www.sylvie-monthule.com\/fr\/wp-json\/wp\/v2\/product_cat?post=876"},{"taxonomy":"product_tag","embeddable":true,"href":"https:\/\/www.sylvie-monthule.com\/fr\/wp-json\/wp\/v2\/product_tag?post=876"}],"curies":[{"name":"wp","href":"https:\/\/api.w.org\/{rel}","templated":true}]}}