{"id":870,"date":"2008-11-25T00:00:00","date_gmt":"2008-11-24T23:00:00","guid":{"rendered":"http:\/\/www.sylvie-monthule.com\/?product=le-bijou-clitoris-goutte"},"modified":"2025-10-06T07:51:37","modified_gmt":"2025-10-06T06:51:37","slug":"le-bijou-clitoris-goutte","status":"publish","type":"product","link":"https:\/\/www.sylvie-monthule.com\/fr\/bijou\/le-bijou-clitoris-goutte\/","title":{"rendered":"le Bijou Clitoris Goutte Or Cristal"},"content":{"rendered":"<p>Unique ! L&rsquo;une des plus extraordinaires cr\u00e9ations pour le clitoris de Sylvie Monthul\u00e9 ! La forme \u00e9l\u00e9gante du Bijou lui permet de s&rsquo;immiscer avec d\u00e9licatesse l\u00e0 o\u00f9 il doit accomplir son office. Il \u00e9pouse \u00e0 la perfection les formes du sexe, en \u00e9carte les l\u00e8vres&#8230; Le Clitoris jaillit, comme pris au pi\u00e8ge du plaisir ! Un Bijou gourmand car vous n&rsquo;aurez plus qu&rsquo;une envie:\u00a0 froler, titiller, caresser, ce d\u00e9licieux petit bouton, pour faire palpiter le plaisir&#8230; Un joyau \u00e9rotique qui se porte comme un string, mais qui provoquera mille folies&#8230;<\/p>\n<p>&nbsp;<\/p>\n","protected":false},"excerpt":{"rendered":"<p>La forme du Bijou clitoris goutte vous permet de le placer exactement l\u00e0 o\u00f9 il faut sans g\u00eane. Il pourra se porter en toutes circonstances, comme un String, et ne vous quittera qu&rsquo;au moment choisi par Vous.<\/p>\n<p>Mati\u00e8re : Bijou plaqu\u00e9 or 3 microns 16 carats et finition 24 carats sur m\u00e9tal. Cristaux purs taill\u00e9s \u00e0 facettes. Goutte avec cristal captif. Sans nickel. Elastiques coton. Lavable main. Hypoallerg\u00e9nique.<br \/>\nCouleur : Or et Cristal<br \/>\nConception : Sylvie Monthul\u00e9<\/p>\n","protected":false},"featured_media":12954,"template":"","meta":{"_acf_changed":false},"product_brand":[],"product_cat":[58,70],"product_tag":[],"class_list":{"0":"post-870","1":"product","2":"type-product","3":"status-publish","4":"has-post-thumbnail","6":"product_cat-bijou-intime-femme","7":"product_cat-bijoux-clitoris","8":"collection-30-ans-derotisme","9":"collection-anciennes-collections","10":"product_option-tableau-tailles","12":"first","13":"instock","14":"taxable","15":"shipping-taxable","16":"purchasable","17":"product-type-simple"},"acf":[],"_links":{"self":[{"href":"https:\/\/www.sylvie-monthule.com\/fr\/wp-json\/wp\/v2\/product\/870","targetHints":{"allow":["GET"]}}],"collection":[{"href":"https:\/\/www.sylvie-monthule.com\/fr\/wp-json\/wp\/v2\/product"}],"about":[{"href":"https:\/\/www.sylvie-monthule.com\/fr\/wp-json\/wp\/v2\/types\/product"}],"wp:featuredmedia":[{"embeddable":true,"href":"https:\/\/www.sylvie-monthule.com\/fr\/wp-json\/wp\/v2\/media\/12954"}],"wp:attachment":[{"href":"https:\/\/www.sylvie-monthule.com\/fr\/wp-json\/wp\/v2\/media?parent=870"}],"wp:term":[{"taxonomy":"product_brand","embeddable":true,"href":"https:\/\/www.sylvie-monthule.com\/fr\/wp-json\/wp\/v2\/product_brand?post=870"},{"taxonomy":"product_cat","embeddable":true,"href":"https:\/\/www.sylvie-monthule.com\/fr\/wp-json\/wp\/v2\/product_cat?post=870"},{"taxonomy":"product_tag","embeddable":true,"href":"https:\/\/www.sylvie-monthule.com\/fr\/wp-json\/wp\/v2\/product_tag?post=870"}],"curies":[{"name":"wp","href":"https:\/\/api.w.org\/{rel}","templated":true}]}}