{"id":85359,"date":"2020-01-16T15:07:04","date_gmt":"2020-01-16T14:07:04","guid":{"rendered":"https:\/\/www.sylvie-monthule.com\/?post_type=product&#038;p=85359\/"},"modified":"2025-02-17T08:47:24","modified_gmt":"2025-02-17T07:47:24","slug":"gouttes-seins-argent-cristaux-bleus","status":"publish","type":"product","link":"https:\/\/www.sylvie-monthule.com\/fr\/bijou\/gouttes-seins-argent-cristaux-bleus\/","title":{"rendered":"Gouttes seins argent cristaux bleus"},"content":{"rendered":"<p>Deux gouttes magnifiques oscillent sous vos t\u00e9tons, deux larmes d&rsquo;argent orn\u00e9es d&rsquo;un ravissant cristal bleu saphir! Suspendues \u00e0 vos t\u00e9tons, elles dansent au moindre de vos mouvements et caressent la rondeur exquise de vos seins. Les cristaux bleus \u00e0 facettes captifs scintillent de mille feux et jouent avec la lumi\u00e8re&#8230; Deux bijoux gouttes sans piercing qui subliment vos seins, deux pendentifs \u00e9l\u00e9gants et coquins pour s\u00e9duire !<\/p>\n","protected":false},"excerpt":{"rendered":"<p>Parures seins sans piercing avec attaches indolores et coulissantes<br \/>\ns&#039;adaptant au diam\u00e8tre du t\u00e9ton. Gouttes pleines en argent 10 microns sur m\u00e9tal<br \/>\net cristaux bleus \u00e0 facettes couleur saphir.<br \/>\nBijoux Hypoallerg\u00e9niques.<\/p>\n","protected":false},"featured_media":85380,"template":"","meta":{"_acf_changed":false},"product_brand":[],"product_cat":[58,69],"product_tag":[],"class_list":{"0":"post-85359","1":"product","2":"type-product","3":"status-publish","4":"has-post-thumbnail","6":"product_cat-bijou-intime-femme","7":"product_cat-bijoux-seins-non-piercing","8":"product_option-vendu-par-paire","10":"first","11":"instock","12":"taxable","13":"shipping-taxable","14":"purchasable","15":"product-type-simple"},"acf":[],"_links":{"self":[{"href":"https:\/\/www.sylvie-monthule.com\/fr\/wp-json\/wp\/v2\/product\/85359","targetHints":{"allow":["GET"]}}],"collection":[{"href":"https:\/\/www.sylvie-monthule.com\/fr\/wp-json\/wp\/v2\/product"}],"about":[{"href":"https:\/\/www.sylvie-monthule.com\/fr\/wp-json\/wp\/v2\/types\/product"}],"wp:featuredmedia":[{"embeddable":true,"href":"https:\/\/www.sylvie-monthule.com\/fr\/wp-json\/wp\/v2\/media\/85380"}],"wp:attachment":[{"href":"https:\/\/www.sylvie-monthule.com\/fr\/wp-json\/wp\/v2\/media?parent=85359"}],"wp:term":[{"taxonomy":"product_brand","embeddable":true,"href":"https:\/\/www.sylvie-monthule.com\/fr\/wp-json\/wp\/v2\/product_brand?post=85359"},{"taxonomy":"product_cat","embeddable":true,"href":"https:\/\/www.sylvie-monthule.com\/fr\/wp-json\/wp\/v2\/product_cat?post=85359"},{"taxonomy":"product_tag","embeddable":true,"href":"https:\/\/www.sylvie-monthule.com\/fr\/wp-json\/wp\/v2\/product_tag?post=85359"}],"curies":[{"name":"wp","href":"https:\/\/api.w.org\/{rel}","templated":true}]}}