{"id":85353,"date":"2020-01-16T15:06:20","date_gmt":"2020-01-16T14:06:20","guid":{"rendered":"https:\/\/www.sylvie-monthule.com\/?post_type=product&#038;p=85353\/"},"modified":"2025-02-17T08:47:08","modified_gmt":"2025-02-17T07:47:08","slug":"bijou-clit-ose-argent-cristaux-bleus","status":"publish","type":"product","link":"https:\/\/www.sylvie-monthule.com\/fr\/bijou\/bijou-clit-ose-argent-cristaux-bleus\/","title":{"rendered":"Bijou Clit Ose argent cristaux bleus"},"content":{"rendered":"<p>C&rsquo;est un bijou merveilleux pour couronner le clitoris ! Sa forme ovale vient enlacer le clitoris pour le capturer, l&rsquo;\u00e9riger et le soumettre \u00e0 vos d\u00e9sirs et vos caresses. Doux et lisse, ce bijou clitoris en argent \u00e9pouse avec d\u00e9lice les formes de votre sexe, en \u00e9carte les l\u00e8vres pour faire saillir le clitoris. Pris au pi\u00e8ge, le clitoris s&rsquo;\u00e9veille, se dresse, pr\u00eat \u00e0 vous faire succomber \u00e0 la magie du plaisir ! Sublime vision du clitoris cern\u00e9 d&rsquo;argent et couronn\u00e9 de magnifiques cristaux bleus saphir&#8230;<\/p>\n","protected":false},"excerpt":{"rendered":"<p>La forme ovale du Bijou Clitoris vous permet de le positionner \u00e0 la perfection,<br \/>\nquelle que soit votre morphologie. Gr\u00e2ce \u00e0 sa structure \u00e9lastiqu\u00e9e,<br \/>\nil peut se porter des heures comme un string ou pour des moments plus intimes.<\/p>\n<p>Mati\u00e8re : Bijou plaqu\u00e9 argent 10 microns sur m\u00e9tal.<br \/>\nAvec cristaux \u00e0 facettes bleu saphir.<br \/>\nElastiques coton sur cot\u00e9s et dos. Lavable \u00e0 la main.<br \/>\nBijou Hypoallerg\u00e9nique.<\/p>\n","protected":false},"featured_media":85400,"template":"","meta":{"_acf_changed":false},"product_brand":[],"product_cat":[58,70],"product_tag":[],"class_list":{"0":"post-85353","1":"product","2":"type-product","3":"status-publish","4":"has-post-thumbnail","6":"product_cat-bijou-intime-femme","7":"product_cat-bijoux-clitoris","8":"product_option-tableau-tailles","10":"first","11":"instock","12":"taxable","13":"shipping-taxable","14":"purchasable","15":"product-type-simple"},"acf":[],"_links":{"self":[{"href":"https:\/\/www.sylvie-monthule.com\/fr\/wp-json\/wp\/v2\/product\/85353","targetHints":{"allow":["GET"]}}],"collection":[{"href":"https:\/\/www.sylvie-monthule.com\/fr\/wp-json\/wp\/v2\/product"}],"about":[{"href":"https:\/\/www.sylvie-monthule.com\/fr\/wp-json\/wp\/v2\/types\/product"}],"wp:featuredmedia":[{"embeddable":true,"href":"https:\/\/www.sylvie-monthule.com\/fr\/wp-json\/wp\/v2\/media\/85400"}],"wp:attachment":[{"href":"https:\/\/www.sylvie-monthule.com\/fr\/wp-json\/wp\/v2\/media?parent=85353"}],"wp:term":[{"taxonomy":"product_brand","embeddable":true,"href":"https:\/\/www.sylvie-monthule.com\/fr\/wp-json\/wp\/v2\/product_brand?post=85353"},{"taxonomy":"product_cat","embeddable":true,"href":"https:\/\/www.sylvie-monthule.com\/fr\/wp-json\/wp\/v2\/product_cat?post=85353"},{"taxonomy":"product_tag","embeddable":true,"href":"https:\/\/www.sylvie-monthule.com\/fr\/wp-json\/wp\/v2\/product_tag?post=85353"}],"curies":[{"name":"wp","href":"https:\/\/api.w.org\/{rel}","templated":true}]}}