{"id":85298,"date":"2020-01-16T15:04:56","date_gmt":"2020-01-16T14:04:56","guid":{"rendered":"https:\/\/www.sylvie-monthule.com\/?post_type=product&#038;p=85298\/"},"modified":"2025-02-17T08:47:08","modified_gmt":"2025-02-17T07:47:08","slug":"bijou-clitoris-goutte-argent-cristal-bleu","status":"publish","type":"product","link":"https:\/\/www.sylvie-monthule.com\/fr\/bijou\/bijou-clitoris-goutte-argent-cristal-bleu\/","title":{"rendered":"Bijou Clitoris goutte argent cristal bleu"},"content":{"rendered":"<p>Vous le connaissiez en version or et cristal pur&#8230; Sylvie Monthul\u00e9 lance le bijou clitoris goutte en argent et cristaux bleus ! Un bijou qui glisse d\u00e9licieusement entre vos l\u00e8vres pour capturer avec gourmandise votre clitoris ! Ce joyau \u00e9rotique que vous porterez comme un string, provoquera mille sensations et mille plaisirs : vous jouerez avec la goutte pour caresser, exciter en permanence votre bouton de rose. Un bijou sexe d&rsquo;une beaut\u00e9 rare avec ses cristaux bleus qui scintillent au dessus de votre clitoris&#8230;<\/p>\n","protected":false},"excerpt":{"rendered":"<p>De forme ovale, le bijou clitoris se place exactement l\u00e0 ou vous le souhaitez,<br \/>\nquelle que soit la morphologie de votre sexe. Tr\u00e8s confortable, tr\u00e8s doux, vous pourrez<br \/>\nle porter aussi longtemps que vous le souhaitez !<\/p>\n<p>Bijou plaqu\u00e9 argent 10 microns sur m\u00e9tal avec cristaux \u00e0 facettes bleu saphir.<br \/>\nGoutte en pendentif avec cristal. Elastiques en coton, cot\u00e9s et dos.<br \/>\nLavable main. Hypoallerg\u00e9nique.<\/p>\n","protected":false},"featured_media":85420,"template":"","meta":{"_acf_changed":false},"product_brand":[],"product_cat":[58,70],"product_tag":[],"class_list":{"0":"post-85298","1":"product","2":"type-product","3":"status-publish","4":"has-post-thumbnail","6":"product_cat-bijou-intime-femme","7":"product_cat-bijoux-clitoris","8":"product_option-tableau-tailles","10":"first","11":"instock","12":"taxable","13":"shipping-taxable","14":"purchasable","15":"product-type-simple"},"acf":[],"_links":{"self":[{"href":"https:\/\/www.sylvie-monthule.com\/fr\/wp-json\/wp\/v2\/product\/85298","targetHints":{"allow":["GET"]}}],"collection":[{"href":"https:\/\/www.sylvie-monthule.com\/fr\/wp-json\/wp\/v2\/product"}],"about":[{"href":"https:\/\/www.sylvie-monthule.com\/fr\/wp-json\/wp\/v2\/types\/product"}],"wp:featuredmedia":[{"embeddable":true,"href":"https:\/\/www.sylvie-monthule.com\/fr\/wp-json\/wp\/v2\/media\/85420"}],"wp:attachment":[{"href":"https:\/\/www.sylvie-monthule.com\/fr\/wp-json\/wp\/v2\/media?parent=85298"}],"wp:term":[{"taxonomy":"product_brand","embeddable":true,"href":"https:\/\/www.sylvie-monthule.com\/fr\/wp-json\/wp\/v2\/product_brand?post=85298"},{"taxonomy":"product_cat","embeddable":true,"href":"https:\/\/www.sylvie-monthule.com\/fr\/wp-json\/wp\/v2\/product_cat?post=85298"},{"taxonomy":"product_tag","embeddable":true,"href":"https:\/\/www.sylvie-monthule.com\/fr\/wp-json\/wp\/v2\/product_tag?post=85298"}],"curies":[{"name":"wp","href":"https:\/\/api.w.org\/{rel}","templated":true}]}}