{"id":848,"date":"2008-11-27T00:00:00","date_gmt":"2008-11-26T23:00:00","guid":{"rendered":"http:\/\/www.sylvie-monthule.com\/?product=ecrin-de-jouissance-clitoris-2"},"modified":"2026-04-30T08:59:27","modified_gmt":"2026-04-30T07:59:27","slug":"ecrin-de-jouissance-clitoris-2","status":"publish","type":"product","link":"https:\/\/www.sylvie-monthule.com\/fr\/bijou\/ecrin-de-jouissance-clitoris-2\/","title":{"rendered":"Ecrin de Jouissance Clitoris Or"},"content":{"rendered":"<p>Cambr\u00e9 et subtilement profond, le bijou Ecrin de Jouissance se place \u00e0 la perfection pour faire saillir votre Clitoris avec Gourmandise&#8230;\u00a0Un Ecrin pr\u00e9cieux pour ouvrir vos l\u00e8vres tout en douceur.et qui offre votre Intimit\u00e9 comme une friandise&#8230; Faites glisser doucement vos doigts dans l&rsquo;ovale d\u00e9licieux du bijou et caressez votre clitoris, d\u00e9licatement d&rsquo;abord, puis de plus en plus intens\u00e9ment pour faire monter le plaisir! Contemplez votre clitoris qui se dresse, r\u00e9agit \u00e0 vos caresses, toujours prisonnier de l&rsquo;\u00e9crin bijou. Un spectacle merveilleusement excitant pour vous et pour celui qui vous regarde vous abandonner au plaisir!<\/p>\n","protected":false},"excerpt":{"rendered":"<p>Quelle que soit votre morphologie, vous positionnerez tr\u00e8s ais\u00e9ment ce Bijou clitoris merveilleux<\/p>\n<p>Mati\u00e8re : Bijou aux contours arrondis, lisses . Bijou plaqu\u00e9 or 3 microns 16 carats et finition 24 carats sur m\u00e9tal. Sans nickel. Elastiques noirs coton c\u00f4t\u00e9 et dos. Lavable main. Hypoallerg\u00e9nique.<br \/>\nCouleur : Or<br \/>\nConception : Sylvie Monthul\u00e9<\/p>\n","protected":false},"featured_media":12935,"template":"","meta":{"_acf_changed":false},"product_brand":[],"product_cat":[58,70],"product_tag":[],"class_list":{"0":"post-848","1":"product","2":"type-product","3":"status-publish","4":"has-post-thumbnail","6":"product_cat-bijou-intime-femme","7":"product_cat-bijoux-clitoris","8":"collection-bijoux-hors-collection","9":"product_option-tableau-tailles","11":"first","12":"instock","13":"taxable","14":"shipping-taxable","15":"purchasable","16":"product-type-simple"},"acf":[],"_links":{"self":[{"href":"https:\/\/www.sylvie-monthule.com\/fr\/wp-json\/wp\/v2\/product\/848","targetHints":{"allow":["GET"]}}],"collection":[{"href":"https:\/\/www.sylvie-monthule.com\/fr\/wp-json\/wp\/v2\/product"}],"about":[{"href":"https:\/\/www.sylvie-monthule.com\/fr\/wp-json\/wp\/v2\/types\/product"}],"wp:featuredmedia":[{"embeddable":true,"href":"https:\/\/www.sylvie-monthule.com\/fr\/wp-json\/wp\/v2\/media\/12935"}],"wp:attachment":[{"href":"https:\/\/www.sylvie-monthule.com\/fr\/wp-json\/wp\/v2\/media?parent=848"}],"wp:term":[{"taxonomy":"product_brand","embeddable":true,"href":"https:\/\/www.sylvie-monthule.com\/fr\/wp-json\/wp\/v2\/product_brand?post=848"},{"taxonomy":"product_cat","embeddable":true,"href":"https:\/\/www.sylvie-monthule.com\/fr\/wp-json\/wp\/v2\/product_cat?post=848"},{"taxonomy":"product_tag","embeddable":true,"href":"https:\/\/www.sylvie-monthule.com\/fr\/wp-json\/wp\/v2\/product_tag?post=848"}],"curies":[{"name":"wp","href":"https:\/\/api.w.org\/{rel}","templated":true}]}}