{"id":81408,"date":"2019-11-13T10:40:41","date_gmt":"2019-11-12T10:40:41","guid":{"rendered":"https:\/\/www.sylvie-monthule.com\/?post_type=product&#038;p=81408\/"},"modified":"2025-02-17T08:48:39","modified_gmt":"2025-02-17T07:48:39","slug":"bijou-taille-ailes-sexy-bleu-argent","status":"publish","type":"product","link":"https:\/\/www.sylvie-monthule.com\/fr\/bijou\/bijou-taille-ailes-sexy-bleu-argent\/","title":{"rendered":"Bijou taille ailes sexy bleu argent"},"content":{"rendered":"<p>Dans le creux de vos reins, une chaine de taille r\u00e9v\u00e8le toute sa splendeur \u00e9rotique&#8230; Deux ailes de papillons bleu et argent se d\u00e9ploient pour caresser vos reins, deux ailes lumineuses et f\u00e9\u00e9riques. La vision sensuelle de ce bijou de corps attise tous les d\u00e9sirs, car des chaines se faufilent entre les rondeurs de vos fesses pour en savourer la volupt\u00e9&#8230;<\/p>\n","protected":false},"excerpt":{"rendered":"<p>Indiquez dans le bloc taille votre choix:<br \/>\nS, M, L, XL&#8230; Quelle que soit la taille choisie<br \/>\nnos bijoux taille poss\u00e8dent un r\u00e9glage.<\/p>\n<p>Plaqu\u00e9 argent 10 microns sur m\u00e9tal.<br \/>\nEmail Bleu. Pierre ronde bleu.<br \/>\nChaine maille fine et maille gourmette pour r\u00e9glage.<br \/>\nHypoallerg\u00e9nique.<\/p>\n","protected":false},"featured_media":80824,"template":"","meta":{"_acf_changed":false},"product_brand":[],"product_cat":[58,67],"product_tag":[],"class_list":{"0":"post-81408","1":"product","2":"type-product","3":"status-publish","4":"has-post-thumbnail","6":"product_cat-bijou-intime-femme","7":"product_cat-bijoux-taille-et-cheville","8":"collection-les-bijoux-vertige-des-sens","10":"first","11":"instock","12":"taxable","13":"shipping-taxable","14":"purchasable","15":"product-type-variable","16":"has-default-attributes"},"acf":[],"_links":{"self":[{"href":"https:\/\/www.sylvie-monthule.com\/fr\/wp-json\/wp\/v2\/product\/81408","targetHints":{"allow":["GET"]}}],"collection":[{"href":"https:\/\/www.sylvie-monthule.com\/fr\/wp-json\/wp\/v2\/product"}],"about":[{"href":"https:\/\/www.sylvie-monthule.com\/fr\/wp-json\/wp\/v2\/types\/product"}],"wp:featuredmedia":[{"embeddable":true,"href":"https:\/\/www.sylvie-monthule.com\/fr\/wp-json\/wp\/v2\/media\/80824"}],"wp:attachment":[{"href":"https:\/\/www.sylvie-monthule.com\/fr\/wp-json\/wp\/v2\/media?parent=81408"}],"wp:term":[{"taxonomy":"product_brand","embeddable":true,"href":"https:\/\/www.sylvie-monthule.com\/fr\/wp-json\/wp\/v2\/product_brand?post=81408"},{"taxonomy":"product_cat","embeddable":true,"href":"https:\/\/www.sylvie-monthule.com\/fr\/wp-json\/wp\/v2\/product_cat?post=81408"},{"taxonomy":"product_tag","embeddable":true,"href":"https:\/\/www.sylvie-monthule.com\/fr\/wp-json\/wp\/v2\/product_tag?post=81408"}],"curies":[{"name":"wp","href":"https:\/\/api.w.org\/{rel}","templated":true}]}}