{"id":81406,"date":"2019-11-13T10:40:40","date_gmt":"2019-11-12T10:40:40","guid":{"rendered":"https:\/\/www.sylvie-monthule.com\/?post_type=product&#038;p=81406\/"},"modified":"2025-02-17T08:48:27","modified_gmt":"2025-02-17T07:48:27","slug":"bijou-penis-double-eclat-argent","status":"publish","type":"product","link":"https:\/\/www.sylvie-monthule.com\/fr\/bijou\/bijou-penis-double-eclat-argent\/","title":{"rendered":"Bijou p\u00e9nis double \u00e9clat argent"},"content":{"rendered":"<p>La premi\u00e8re pierre bleue orne la base de votre sexe et la deuxi\u00e8me pare vos testicules! Un bijou de sexe avec double \u00e9clat et son jeu de chaines argent qui vient enlacer votre p\u00e9nis tout entier pour votre plaisir&#8230; Faites d\u00e9couvrir \u00e0 votre partenaire ces pierres intimes et secr\u00e8tes!<\/p>\n","protected":false},"excerpt":{"rendered":"<p>Base \u00e9lastiqu\u00e9e en coton pour un maintien parfait.<\/p>\n<p>Plaqu\u00e9 argent 10 microns sur m\u00e9tal. Chaines maille ronde.<br \/>\nPierres bleues. Hypoallerg\u00e9nique.<\/p>\n","protected":false},"featured_media":80680,"template":"","meta":{"_acf_changed":false},"product_brand":[],"product_cat":[56,65],"product_tag":[],"class_list":{"0":"post-81406","1":"product","2":"type-product","3":"status-publish","4":"has-post-thumbnail","6":"product_cat-bijoux-hommes","7":"product_cat-bijoux-intimes-sexe","8":"collection-les-bijoux-vertige-des-sens","10":"first","11":"instock","12":"taxable","13":"shipping-taxable","14":"purchasable","15":"product-type-simple"},"acf":[],"_links":{"self":[{"href":"https:\/\/www.sylvie-monthule.com\/fr\/wp-json\/wp\/v2\/product\/81406","targetHints":{"allow":["GET"]}}],"collection":[{"href":"https:\/\/www.sylvie-monthule.com\/fr\/wp-json\/wp\/v2\/product"}],"about":[{"href":"https:\/\/www.sylvie-monthule.com\/fr\/wp-json\/wp\/v2\/types\/product"}],"wp:featuredmedia":[{"embeddable":true,"href":"https:\/\/www.sylvie-monthule.com\/fr\/wp-json\/wp\/v2\/media\/80680"}],"wp:attachment":[{"href":"https:\/\/www.sylvie-monthule.com\/fr\/wp-json\/wp\/v2\/media?parent=81406"}],"wp:term":[{"taxonomy":"product_brand","embeddable":true,"href":"https:\/\/www.sylvie-monthule.com\/fr\/wp-json\/wp\/v2\/product_brand?post=81406"},{"taxonomy":"product_cat","embeddable":true,"href":"https:\/\/www.sylvie-monthule.com\/fr\/wp-json\/wp\/v2\/product_cat?post=81406"},{"taxonomy":"product_tag","embeddable":true,"href":"https:\/\/www.sylvie-monthule.com\/fr\/wp-json\/wp\/v2\/product_tag?post=81406"}],"curies":[{"name":"wp","href":"https:\/\/api.w.org\/{rel}","templated":true}]}}