{"id":81405,"date":"2019-11-13T10:40:39","date_gmt":"2019-11-12T10:40:39","guid":{"rendered":"https:\/\/www.sylvie-monthule.com\/?post_type=product&#038;p=81405\/"},"modified":"2025-02-27T14:26:26","modified_gmt":"2025-02-27T13:26:26","slug":"bijou-penis-double-eclat-or","status":"publish","type":"product","link":"https:\/\/www.sylvie-monthule.com\/fr\/bijou\/bijou-penis-double-eclat-or\/","title":{"rendered":"Bijou p\u00e9nis double \u00e9clat or"},"content":{"rendered":"<p>La premi\u00e8re pierre orne la base de votre sexe et la deuxi\u00e8me pare vos testicules! Un bijou de sexe avec double \u00e9clat et son jeu de chaines or qui vient enlacer votre p\u00e9nis tout entier pour votre plaisir.. Faites d\u00e9couvrir \u00e0 votre partenaire ces pierres intimes et secr\u00e8tes!<\/p>\n","protected":false},"excerpt":{"rendered":"<p>Bijou p\u00e9nis avec base \u00e9lastiqu\u00e9e<br \/>\nen coton pour un maintien parfait.<\/p>\n<p>Haute dorure 1 micron 16 carats<br \/>\net finition 24 carats sur m\u00e9tal. Chaines maille ronde.<br \/>\nPierres couleur cristal. Hypoallerg\u00e9nique.<\/p>\n","protected":false},"featured_media":80664,"template":"","meta":{"_acf_changed":false},"product_brand":[],"product_cat":[56,65],"product_tag":[],"class_list":{"0":"post-81405","1":"product","2":"type-product","3":"status-publish","4":"has-post-thumbnail","6":"product_cat-bijoux-hommes","7":"product_cat-bijoux-intimes-sexe","8":"collection-les-bijoux-vertige-des-sens","10":"first","11":"instock","12":"taxable","13":"shipping-taxable","14":"purchasable","15":"product-type-simple"},"acf":[],"_links":{"self":[{"href":"https:\/\/www.sylvie-monthule.com\/fr\/wp-json\/wp\/v2\/product\/81405","targetHints":{"allow":["GET"]}}],"collection":[{"href":"https:\/\/www.sylvie-monthule.com\/fr\/wp-json\/wp\/v2\/product"}],"about":[{"href":"https:\/\/www.sylvie-monthule.com\/fr\/wp-json\/wp\/v2\/types\/product"}],"wp:featuredmedia":[{"embeddable":true,"href":"https:\/\/www.sylvie-monthule.com\/fr\/wp-json\/wp\/v2\/media\/80664"}],"wp:attachment":[{"href":"https:\/\/www.sylvie-monthule.com\/fr\/wp-json\/wp\/v2\/media?parent=81405"}],"wp:term":[{"taxonomy":"product_brand","embeddable":true,"href":"https:\/\/www.sylvie-monthule.com\/fr\/wp-json\/wp\/v2\/product_brand?post=81405"},{"taxonomy":"product_cat","embeddable":true,"href":"https:\/\/www.sylvie-monthule.com\/fr\/wp-json\/wp\/v2\/product_cat?post=81405"},{"taxonomy":"product_tag","embeddable":true,"href":"https:\/\/www.sylvie-monthule.com\/fr\/wp-json\/wp\/v2\/product_tag?post=81405"}],"curies":[{"name":"wp","href":"https:\/\/api.w.org\/{rel}","templated":true}]}}