{"id":81403,"date":"2019-11-13T10:40:38","date_gmt":"2019-11-12T10:40:38","guid":{"rendered":"https:\/\/www.sylvie-monthule.com\/?post_type=product&#038;p=81403\/"},"modified":"2025-02-27T14:26:26","modified_gmt":"2025-02-27T13:26:26","slug":"bijou-penis-or-pierre","status":"publish","type":"product","link":"https:\/\/www.sylvie-monthule.com\/fr\/bijou\/bijou-penis-or-pierre\/","title":{"rendered":"Bijou p\u00e9nis or pierre"},"content":{"rendered":"<p>Une pierre ronde transparente orne votre sexe&#8230; Elle lib\u00e8re ses chaines d&rsquo;or pour \u00e9treindre votre p\u00e9nis, et caresser vos testicules avec ses pendentifs. Un bijou intime confortable qui habille votre verge, dessous et dessus avec originalit\u00e9 et \u00e9clat! Un bijou sexe pour s\u00e9duire&#8230;<\/p>\n","protected":false},"excerpt":{"rendered":"<p>Base \u00e9lastiqu\u00e9e en coton pour un maintien parfait.<\/p>\n<p>Haute dorure 1 micron 16 carats<br \/>\net finition 24 carats sur m\u00e9tal. Chaines maille ronde.<br \/>\nPierre couleur cristal. Hypoallerg\u00e9nique.<\/p>\n","protected":false},"featured_media":80628,"template":"","meta":{"_acf_changed":false},"product_brand":[],"product_cat":[56,65],"product_tag":[],"class_list":{"0":"post-81403","1":"product","2":"type-product","3":"status-publish","4":"has-post-thumbnail","6":"product_cat-bijoux-hommes","7":"product_cat-bijoux-intimes-sexe","8":"collection-les-bijoux-vertige-des-sens","10":"first","11":"instock","12":"taxable","13":"shipping-taxable","14":"purchasable","15":"product-type-simple"},"acf":[],"_links":{"self":[{"href":"https:\/\/www.sylvie-monthule.com\/fr\/wp-json\/wp\/v2\/product\/81403","targetHints":{"allow":["GET"]}}],"collection":[{"href":"https:\/\/www.sylvie-monthule.com\/fr\/wp-json\/wp\/v2\/product"}],"about":[{"href":"https:\/\/www.sylvie-monthule.com\/fr\/wp-json\/wp\/v2\/types\/product"}],"wp:featuredmedia":[{"embeddable":true,"href":"https:\/\/www.sylvie-monthule.com\/fr\/wp-json\/wp\/v2\/media\/80628"}],"wp:attachment":[{"href":"https:\/\/www.sylvie-monthule.com\/fr\/wp-json\/wp\/v2\/media?parent=81403"}],"wp:term":[{"taxonomy":"product_brand","embeddable":true,"href":"https:\/\/www.sylvie-monthule.com\/fr\/wp-json\/wp\/v2\/product_brand?post=81403"},{"taxonomy":"product_cat","embeddable":true,"href":"https:\/\/www.sylvie-monthule.com\/fr\/wp-json\/wp\/v2\/product_cat?post=81403"},{"taxonomy":"product_tag","embeddable":true,"href":"https:\/\/www.sylvie-monthule.com\/fr\/wp-json\/wp\/v2\/product_tag?post=81403"}],"curies":[{"name":"wp","href":"https:\/\/api.w.org\/{rel}","templated":true}]}}