{"id":81402,"date":"2019-11-13T10:40:38","date_gmt":"2019-11-12T10:40:38","guid":{"rendered":"https:\/\/www.sylvie-monthule.com\/?post_type=product&#038;p=81402\/"},"modified":"2025-02-27T14:26:26","modified_gmt":"2025-02-27T13:26:26","slug":"bijou-testicules-caresses-argent","status":"publish","type":"product","link":"https:\/\/www.sylvie-monthule.com\/fr\/bijou\/bijou-testicules-caresses-argent\/","title":{"rendered":"Bijou testicules caresses argent"},"content":{"rendered":"<p>Sur vos testicules deux mains de femme se rejoignent pour les fr\u00f4ler, les heurter, les caresser&#8230; Deux mains de femme pleines, par\u00e9es dargent, unies, pour des sensations de plaisir. Un bijou intime pour p\u00e9nis, viril et secret, \u00e0 faire d\u00e9couvrir \u00e0 votre partenaire!<\/p>\n","protected":false},"excerpt":{"rendered":"<p>Bijou p\u00e9nis et testicules.<br \/>\nBase \u00e9lastiqu\u00e9e en coton pour un maintien parfait.<\/p>\n<p>Plaqu\u00e9 argent 10 microns sur m\u00e9tal. Chaines maille ronde.<br \/>\nHypoallerg\u00e9nique.<\/p>\n","protected":false},"featured_media":80616,"template":"","meta":{"_acf_changed":false},"product_brand":[],"product_cat":[56,65],"product_tag":[],"class_list":{"0":"post-81402","1":"product","2":"type-product","3":"status-publish","4":"has-post-thumbnail","6":"product_cat-bijoux-hommes","7":"product_cat-bijoux-intimes-sexe","8":"collection-les-bijoux-vertige-des-sens","10":"first","11":"instock","12":"taxable","13":"shipping-taxable","14":"purchasable","15":"product-type-simple"},"acf":[],"_links":{"self":[{"href":"https:\/\/www.sylvie-monthule.com\/fr\/wp-json\/wp\/v2\/product\/81402","targetHints":{"allow":["GET"]}}],"collection":[{"href":"https:\/\/www.sylvie-monthule.com\/fr\/wp-json\/wp\/v2\/product"}],"about":[{"href":"https:\/\/www.sylvie-monthule.com\/fr\/wp-json\/wp\/v2\/types\/product"}],"wp:featuredmedia":[{"embeddable":true,"href":"https:\/\/www.sylvie-monthule.com\/fr\/wp-json\/wp\/v2\/media\/80616"}],"wp:attachment":[{"href":"https:\/\/www.sylvie-monthule.com\/fr\/wp-json\/wp\/v2\/media?parent=81402"}],"wp:term":[{"taxonomy":"product_brand","embeddable":true,"href":"https:\/\/www.sylvie-monthule.com\/fr\/wp-json\/wp\/v2\/product_brand?post=81402"},{"taxonomy":"product_cat","embeddable":true,"href":"https:\/\/www.sylvie-monthule.com\/fr\/wp-json\/wp\/v2\/product_cat?post=81402"},{"taxonomy":"product_tag","embeddable":true,"href":"https:\/\/www.sylvie-monthule.com\/fr\/wp-json\/wp\/v2\/product_tag?post=81402"}],"curies":[{"name":"wp","href":"https:\/\/api.w.org\/{rel}","templated":true}]}}