{"id":81400,"date":"2019-11-13T10:40:37","date_gmt":"2019-11-12T10:40:37","guid":{"rendered":"https:\/\/www.sylvie-monthule.com\/?post_type=product&#038;p=81400\/"},"modified":"2025-02-27T14:26:27","modified_gmt":"2025-02-27T13:26:27","slug":"bracelet-verge-caresse-argent","status":"publish","type":"product","link":"https:\/\/www.sylvie-monthule.com\/fr\/bijou\/bracelet-verge-caresse-argent\/","title":{"rendered":"Bracelet verge caresse argent"},"content":{"rendered":"<p>Sur votre p\u00e9nis une main de femme v\u00eatue d&rsquo;argent&#8230; Maintenue par l&rsquo;\u00e9lastique, elle suit les mouvements de votre sexe. Un bracelet sexe confortable, discret et secret, symbole dune caresse tr\u00e8s intime !<\/p>\n","protected":false},"excerpt":{"rendered":"<p>Base \u00e9lastiqu\u00e9e en coton pour un maintien parfait.<\/p>\n<p>Plaqu\u00e9 argent 10 microns sur m\u00e9tal.<br \/>\nHypoallerg\u00e9nique.<\/p>\n","protected":false},"featured_media":80588,"template":"","meta":{"_acf_changed":false},"product_brand":[],"product_cat":[56,65],"product_tag":[],"class_list":{"0":"post-81400","1":"product","2":"type-product","3":"status-publish","4":"has-post-thumbnail","6":"product_cat-bijoux-hommes","7":"product_cat-bijoux-intimes-sexe","8":"collection-les-bijoux-vertige-des-sens","10":"first","11":"instock","12":"taxable","13":"shipping-taxable","14":"purchasable","15":"product-type-simple"},"acf":[],"_links":{"self":[{"href":"https:\/\/www.sylvie-monthule.com\/fr\/wp-json\/wp\/v2\/product\/81400","targetHints":{"allow":["GET"]}}],"collection":[{"href":"https:\/\/www.sylvie-monthule.com\/fr\/wp-json\/wp\/v2\/product"}],"about":[{"href":"https:\/\/www.sylvie-monthule.com\/fr\/wp-json\/wp\/v2\/types\/product"}],"wp:featuredmedia":[{"embeddable":true,"href":"https:\/\/www.sylvie-monthule.com\/fr\/wp-json\/wp\/v2\/media\/80588"}],"wp:attachment":[{"href":"https:\/\/www.sylvie-monthule.com\/fr\/wp-json\/wp\/v2\/media?parent=81400"}],"wp:term":[{"taxonomy":"product_brand","embeddable":true,"href":"https:\/\/www.sylvie-monthule.com\/fr\/wp-json\/wp\/v2\/product_brand?post=81400"},{"taxonomy":"product_cat","embeddable":true,"href":"https:\/\/www.sylvie-monthule.com\/fr\/wp-json\/wp\/v2\/product_cat?post=81400"},{"taxonomy":"product_tag","embeddable":true,"href":"https:\/\/www.sylvie-monthule.com\/fr\/wp-json\/wp\/v2\/product_tag?post=81400"}],"curies":[{"name":"wp","href":"https:\/\/api.w.org\/{rel}","templated":true}]}}