{"id":81396,"date":"2019-11-13T10:40:35","date_gmt":"2019-11-12T10:40:35","guid":{"rendered":"https:\/\/www.sylvie-monthule.com\/?post_type=product&#038;p=81396\/"},"modified":"2025-02-17T08:47:24","modified_gmt":"2025-02-17T07:47:24","slug":"collier-seins-caresse-secrete-argent","status":"publish","type":"product","link":"https:\/\/www.sylvie-monthule.com\/fr\/bijou\/collier-seins-caresse-secrete-argent\/","title":{"rendered":"Collier seins caresse secr\u00e8te argent"},"content":{"rendered":"<p>Une main libertine se glisse entre vos seins pour capturer la pierre bleue qui scintille&#8230; Dans votre d\u00e9collet\u00e9, la main d&rsquo;argent vous caresse. Les doigts fins, d&rsquo;un geste sensuel, laissent \u00e9chapper les chaines d&rsquo;argent qui suivent voluptueusement la rondeur de vos seins, pour rejoindre enfin les \u00e9clats bleus ornant vos t\u00e9tons! Un bijou seins non piercing, comme une \u00e9treinte exquise, une caresse secr\u00e8te! Quelle beaut\u00e9 que ces pierres blotties sous vos t\u00e9tons, quelle beaut\u00e9 que ce collier sexy, si \u00e9rotique&#8230;<\/p>\n","protected":false},"excerpt":{"rendered":"<p>Gr\u00e2ce \u00e0 la chaine de r\u00e9glage cou, vous ajusterez<br \/>\ncomme vous le souhaitez votre collier seins.<\/p>\n<p>Plaqu\u00e9 argent 10 microns sur m\u00e9tal.<br \/>\nPierres bleues. Hypoallerg\u00e9nique.<\/p>\n<p>Attaches-seins non piercing, indolores<br \/>\net coulissantes, s&rsquo;adaptant \u00e0 tous les diam\u00e8tres<br \/>\nde t\u00e9tons.<\/p>\n","protected":false},"featured_media":80912,"template":"","meta":{"_acf_changed":false},"product_brand":[],"product_cat":[58,69],"product_tag":[],"class_list":{"0":"post-81396","1":"product","2":"type-product","3":"status-publish","4":"has-post-thumbnail","6":"product_cat-bijou-intime-femme","7":"product_cat-bijoux-seins-non-piercing","8":"collection-les-bijoux-vertige-des-sens","10":"first","11":"instock","12":"taxable","13":"shipping-taxable","14":"purchasable","15":"product-type-simple"},"acf":[],"_links":{"self":[{"href":"https:\/\/www.sylvie-monthule.com\/fr\/wp-json\/wp\/v2\/product\/81396","targetHints":{"allow":["GET"]}}],"collection":[{"href":"https:\/\/www.sylvie-monthule.com\/fr\/wp-json\/wp\/v2\/product"}],"about":[{"href":"https:\/\/www.sylvie-monthule.com\/fr\/wp-json\/wp\/v2\/types\/product"}],"wp:featuredmedia":[{"embeddable":true,"href":"https:\/\/www.sylvie-monthule.com\/fr\/wp-json\/wp\/v2\/media\/80912"}],"wp:attachment":[{"href":"https:\/\/www.sylvie-monthule.com\/fr\/wp-json\/wp\/v2\/media?parent=81396"}],"wp:term":[{"taxonomy":"product_brand","embeddable":true,"href":"https:\/\/www.sylvie-monthule.com\/fr\/wp-json\/wp\/v2\/product_brand?post=81396"},{"taxonomy":"product_cat","embeddable":true,"href":"https:\/\/www.sylvie-monthule.com\/fr\/wp-json\/wp\/v2\/product_cat?post=81396"},{"taxonomy":"product_tag","embeddable":true,"href":"https:\/\/www.sylvie-monthule.com\/fr\/wp-json\/wp\/v2\/product_tag?post=81396"}],"curies":[{"name":"wp","href":"https:\/\/api.w.org\/{rel}","templated":true}]}}