{"id":81392,"date":"2019-11-13T10:40:32","date_gmt":"2019-11-12T10:40:32","guid":{"rendered":"https:\/\/www.sylvie-monthule.com\/?post_type=product&#038;p=81392\/"},"modified":"2025-02-17T08:47:26","modified_gmt":"2025-02-17T07:47:26","slug":"bijoux-seins-cristal-argent","status":"publish","type":"product","link":"https:\/\/www.sylvie-monthule.com\/fr\/bijou\/bijoux-seins-cristal-argent\/","title":{"rendered":"Bijoux seins cristal argent"},"content":{"rendered":"<p>Un cristal bleu lov\u00e9 sous votre t\u00e9ton, scintille de mille \u00e9clats! Votre sein se pare d&rsquo;un bijou en argent si sexy, si raffin\u00e9. La fine chaine en pendentif, orn\u00e9e de pierres bleues, bouge avec volupt\u00e9,  d\u00e8s que vos seins s&rsquo;agitent&#8230; L&rsquo;argent caresse vos seins.<\/p>\n","protected":false},"excerpt":{"rendered":"<p>Attaches-seins non piercing,<br \/>\nindolores et coulissantes, s&rsquo;adaptant \u00e0 toutes<br \/>\nles tailles de t\u00e9tons.<\/p>\n<p>Plaqu\u00e9 argent 10 microns sur m\u00e9tal.<br \/>\nPierres bleues et chaines.<br \/>\nHypoallerg\u00e9nique.<\/p>\n","protected":false},"featured_media":80552,"template":"","meta":{"_acf_changed":false},"product_brand":[],"product_cat":[58,69],"product_tag":[],"class_list":{"0":"post-81392","1":"product","2":"type-product","3":"status-publish","4":"has-post-thumbnail","6":"product_cat-bijou-intime-femme","7":"product_cat-bijoux-seins-non-piercing","8":"collection-les-bijoux-vertige-des-sens","9":"product_option-vendu-par-paire","11":"first","12":"instock","13":"taxable","14":"shipping-taxable","15":"purchasable","16":"product-type-simple"},"acf":[],"_links":{"self":[{"href":"https:\/\/www.sylvie-monthule.com\/fr\/wp-json\/wp\/v2\/product\/81392","targetHints":{"allow":["GET"]}}],"collection":[{"href":"https:\/\/www.sylvie-monthule.com\/fr\/wp-json\/wp\/v2\/product"}],"about":[{"href":"https:\/\/www.sylvie-monthule.com\/fr\/wp-json\/wp\/v2\/types\/product"}],"wp:featuredmedia":[{"embeddable":true,"href":"https:\/\/www.sylvie-monthule.com\/fr\/wp-json\/wp\/v2\/media\/80552"}],"wp:attachment":[{"href":"https:\/\/www.sylvie-monthule.com\/fr\/wp-json\/wp\/v2\/media?parent=81392"}],"wp:term":[{"taxonomy":"product_brand","embeddable":true,"href":"https:\/\/www.sylvie-monthule.com\/fr\/wp-json\/wp\/v2\/product_brand?post=81392"},{"taxonomy":"product_cat","embeddable":true,"href":"https:\/\/www.sylvie-monthule.com\/fr\/wp-json\/wp\/v2\/product_cat?post=81392"},{"taxonomy":"product_tag","embeddable":true,"href":"https:\/\/www.sylvie-monthule.com\/fr\/wp-json\/wp\/v2\/product_tag?post=81392"}],"curies":[{"name":"wp","href":"https:\/\/api.w.org\/{rel}","templated":true}]}}