{"id":81391,"date":"2019-11-13T10:40:32","date_gmt":"2019-11-12T10:40:32","guid":{"rendered":"https:\/\/www.sylvie-monthule.com\/?post_type=product&#038;p=81391\/"},"modified":"2025-02-17T08:47:25","modified_gmt":"2025-02-17T07:47:25","slug":"bijoux-seins-cristal-or","status":"publish","type":"product","link":"https:\/\/www.sylvie-monthule.com\/fr\/bijou\/bijoux-seins-cristal-or\/","title":{"rendered":"Bijoux seins cristal or"},"content":{"rendered":"<p>Un strass lov\u00e9 sous votre t\u00e9ton scintille de mille facettes! Votre sein se pare d&rsquo;un bijou en or et cristal, si sexy, si raffin\u00e9. La fine chaine en pendentif, orn\u00e9e de cristaux purs, bouge avec volupt\u00e9,  d\u00e8s que vos seins s&rsquo;agitent&#8230; L&rsquo;or caresse vos seins.<\/p>\n","protected":false},"excerpt":{"rendered":"<p>Attaches-seins non piercing,<br \/>\nindolores et coulissantes, s&rsquo;adaptant \u00e0 toutes<br \/>\nles tailles de t\u00e9tons.<\/p>\n<p>Traitement haute dorure<br \/>\n1 micron 16 carats et finition 24 carats sur m\u00e9tal.<br \/>\nCristaux \u00e0 facettes et chaines.<br \/>\nHypoallerg\u00e9nique.<\/p>\n","protected":false},"featured_media":80532,"template":"","meta":{"_acf_changed":false},"product_brand":[],"product_cat":[58,69],"product_tag":[],"class_list":{"0":"post-81391","1":"product","2":"type-product","3":"status-publish","4":"has-post-thumbnail","6":"product_cat-bijou-intime-femme","7":"product_cat-bijoux-seins-non-piercing","8":"collection-les-bijoux-vertige-des-sens","9":"product_option-vendu-par-paire","11":"first","12":"instock","13":"taxable","14":"shipping-taxable","15":"purchasable","16":"product-type-simple"},"acf":[],"_links":{"self":[{"href":"https:\/\/www.sylvie-monthule.com\/fr\/wp-json\/wp\/v2\/product\/81391","targetHints":{"allow":["GET"]}}],"collection":[{"href":"https:\/\/www.sylvie-monthule.com\/fr\/wp-json\/wp\/v2\/product"}],"about":[{"href":"https:\/\/www.sylvie-monthule.com\/fr\/wp-json\/wp\/v2\/types\/product"}],"wp:featuredmedia":[{"embeddable":true,"href":"https:\/\/www.sylvie-monthule.com\/fr\/wp-json\/wp\/v2\/media\/80532"}],"wp:attachment":[{"href":"https:\/\/www.sylvie-monthule.com\/fr\/wp-json\/wp\/v2\/media?parent=81391"}],"wp:term":[{"taxonomy":"product_brand","embeddable":true,"href":"https:\/\/www.sylvie-monthule.com\/fr\/wp-json\/wp\/v2\/product_brand?post=81391"},{"taxonomy":"product_cat","embeddable":true,"href":"https:\/\/www.sylvie-monthule.com\/fr\/wp-json\/wp\/v2\/product_cat?post=81391"},{"taxonomy":"product_tag","embeddable":true,"href":"https:\/\/www.sylvie-monthule.com\/fr\/wp-json\/wp\/v2\/product_tag?post=81391"}],"curies":[{"name":"wp","href":"https:\/\/api.w.org\/{rel}","templated":true}]}}