{"id":81390,"date":"2019-11-13T10:40:31","date_gmt":"2019-11-12T10:40:31","guid":{"rendered":"https:\/\/www.sylvie-monthule.com\/?post_type=product&#038;p=81390\/"},"modified":"2025-02-17T08:47:03","modified_gmt":"2025-02-17T07:47:03","slug":"string-bijou-caresse-secrete-argent","status":"publish","type":"product","link":"https:\/\/www.sylvie-monthule.com\/fr\/bijou\/string-bijou-caresse-secrete-argent\/","title":{"rendered":"String bijou caresse secr\u00e8te argent"},"content":{"rendered":"<p>Imaginez deux mains caressant votre sexe&#8230; deux mains d&rsquo;argent, libertines, effleurant vos secrets. Sur votre pubis, leur pr\u00e9sence est si d\u00e9licieuse! Elles enlacent une pierre bleue, une goutte de plaisir. Et c&rsquo;est un ballet de caresses secr\u00e8tes qui courtisent votre sexe, vos l\u00e8vres : les chaines oscillent sur la peau, les gouttes s&rsquo;aventurent, s&rsquo;agitent, disparaissent entre vos l\u00e8vres, pour vous d\u00e9couvrir et vous chavirer!<\/p>\n","protected":false},"excerpt":{"rendered":"<p>Gr\u00e2ce \u00e0 ses \u00e9lastiques en coton doux,<br \/>\nvous positionnez le bijou string \u00e0 la perfection.<\/p>\n<p>Plaqu\u00e9 argent 10 microns sur m\u00e9tal.<br \/>\nChaine fine. Pierre bleue au dos.<br \/>\nhypoallerg\u00e9nique.<\/p>\n","protected":false},"featured_media":81056,"template":"","meta":{"_acf_changed":false},"product_brand":[],"product_cat":[58,59],"product_tag":[],"class_list":{"0":"post-81390","1":"product","2":"type-product","3":"status-publish","4":"has-post-thumbnail","6":"product_cat-bijou-intime-femme","7":"product_cat-strings-bijoux","8":"collection-les-bijoux-vertige-des-sens","9":"product_option-tableau-tailles","11":"first","12":"instock","13":"taxable","14":"shipping-taxable","15":"purchasable","16":"product-type-simple"},"acf":[],"_links":{"self":[{"href":"https:\/\/www.sylvie-monthule.com\/fr\/wp-json\/wp\/v2\/product\/81390","targetHints":{"allow":["GET"]}}],"collection":[{"href":"https:\/\/www.sylvie-monthule.com\/fr\/wp-json\/wp\/v2\/product"}],"about":[{"href":"https:\/\/www.sylvie-monthule.com\/fr\/wp-json\/wp\/v2\/types\/product"}],"wp:featuredmedia":[{"embeddable":true,"href":"https:\/\/www.sylvie-monthule.com\/fr\/wp-json\/wp\/v2\/media\/81056"}],"wp:attachment":[{"href":"https:\/\/www.sylvie-monthule.com\/fr\/wp-json\/wp\/v2\/media?parent=81390"}],"wp:term":[{"taxonomy":"product_brand","embeddable":true,"href":"https:\/\/www.sylvie-monthule.com\/fr\/wp-json\/wp\/v2\/product_brand?post=81390"},{"taxonomy":"product_cat","embeddable":true,"href":"https:\/\/www.sylvie-monthule.com\/fr\/wp-json\/wp\/v2\/product_cat?post=81390"},{"taxonomy":"product_tag","embeddable":true,"href":"https:\/\/www.sylvie-monthule.com\/fr\/wp-json\/wp\/v2\/product_tag?post=81390"}],"curies":[{"name":"wp","href":"https:\/\/api.w.org\/{rel}","templated":true}]}}