{"id":81384,"date":"2019-11-13T10:40:28","date_gmt":"2019-11-12T10:40:28","guid":{"rendered":"https:\/\/www.sylvie-monthule.com\/?post_type=product&#038;p=81384\/"},"modified":"2025-02-17T08:47:27","modified_gmt":"2025-02-17T07:47:27","slug":"collier-seins-ailes-papillon-bleu-argent","status":"publish","type":"product","link":"https:\/\/www.sylvie-monthule.com\/fr\/bijou\/collier-seins-ailes-papillon-bleu-argent\/","title":{"rendered":"Collier seins ailes papillon bleu argent"},"content":{"rendered":"<p>Entre vos seins, une aile de papillon argent fait scintiller mille \u00e9clats de bleus. Aussi soyeuse qu&rsquo;un p\u00e9tale de fleur, elle fr\u00f4le votre peau avec d\u00e9lice! Sous elle, deux fines chaines d&rsquo;argent glissent plus loin dans votre d\u00e9collet\u00e9, sensuelles, libertines, pour enlacer vos t\u00e9tons dr\u00e9ss\u00e9s et deposer un \u00e9clat bleu, comme une goutte de nectar&#8230; Un collier seins sans piercing, qui ose \u00e9rotisme et splendeur!<\/p>\n","protected":false},"excerpt":{"rendered":"<p>Gr\u00e2ce \u00e0 la chaine de r\u00e9glage cou,<br \/>\nvous ajusterez parfaitement votre collier seins.<\/p>\n<p>Plaqu\u00e9 argent 10 microns sur m\u00e9tal.<br \/>\nEmail bleu. Chaine fine. Pierres bleues.<br \/>\nHypoallerg\u00e9nique.<\/p>\n<p>Attaches-seins non piercing,<br \/>\nindolores et coulissantes, s&rsquo;adaptant \u00e0 toutes<br \/>\nles tailles de t\u00e9tons.<\/p>\n","protected":false},"featured_media":80864,"template":"","meta":{"_acf_changed":false},"product_brand":[],"product_cat":[58,69],"product_tag":[],"class_list":{"0":"post-81384","1":"product","2":"type-product","3":"status-publish","4":"has-post-thumbnail","6":"product_cat-bijou-intime-femme","7":"product_cat-bijoux-seins-non-piercing","8":"collection-les-bijoux-vertige-des-sens","10":"first","11":"instock","12":"taxable","13":"shipping-taxable","14":"purchasable","15":"product-type-simple"},"acf":[],"_links":{"self":[{"href":"https:\/\/www.sylvie-monthule.com\/fr\/wp-json\/wp\/v2\/product\/81384","targetHints":{"allow":["GET"]}}],"collection":[{"href":"https:\/\/www.sylvie-monthule.com\/fr\/wp-json\/wp\/v2\/product"}],"about":[{"href":"https:\/\/www.sylvie-monthule.com\/fr\/wp-json\/wp\/v2\/types\/product"}],"wp:featuredmedia":[{"embeddable":true,"href":"https:\/\/www.sylvie-monthule.com\/fr\/wp-json\/wp\/v2\/media\/80864"}],"wp:attachment":[{"href":"https:\/\/www.sylvie-monthule.com\/fr\/wp-json\/wp\/v2\/media?parent=81384"}],"wp:term":[{"taxonomy":"product_brand","embeddable":true,"href":"https:\/\/www.sylvie-monthule.com\/fr\/wp-json\/wp\/v2\/product_brand?post=81384"},{"taxonomy":"product_cat","embeddable":true,"href":"https:\/\/www.sylvie-monthule.com\/fr\/wp-json\/wp\/v2\/product_cat?post=81384"},{"taxonomy":"product_tag","embeddable":true,"href":"https:\/\/www.sylvie-monthule.com\/fr\/wp-json\/wp\/v2\/product_tag?post=81384"}],"curies":[{"name":"wp","href":"https:\/\/api.w.org\/{rel}","templated":true}]}}