{"id":81380,"date":"2019-11-13T10:40:26","date_gmt":"2019-11-12T10:40:26","guid":{"rendered":"https:\/\/www.sylvie-monthule.com\/?post_type=product&#038;p=81380\/"},"modified":"2026-03-23T15:01:13","modified_gmt":"2026-03-23T14:01:13","slug":"bijoux-seins-baisers-papillons-bleu-argent","status":"publish","type":"product","link":"https:\/\/www.sylvie-monthule.com\/fr\/bijou\/bijoux-seins-baisers-papillons-bleu-argent\/","title":{"rendered":"Bijoux seins baisers papillons bleu argent"},"content":{"rendered":"<p>Deux papillons argent cernent votre t\u00e9ton, pour en caresser toute la rondeur. Leurs ailes bleues couvrent l&rsquo;ar\u00e9ole de volupt\u00e9 et la fine pierre qui scintille sous votre t\u00e9ton est si magique! Des bijoux seins \u00e9rotiques et \u00e9blouissants, non piercing, dont les pendentifs d\u00e9posent mille baisers sensuels sur la peau.<\/p>\n","protected":false},"excerpt":{"rendered":"<p>Bijoux avec \u00ab\u00a0attaches seins\u00a0\u00bb non piercing,<br \/>\nindolores et coulissantes, s&rsquo;adaptant \u00e0 toutes<br \/>\nles tailles de t\u00e9tons.<\/p>\n<p>Bijoux seins plaqu\u00e9 argent 10 microns sur m\u00e9tal.<br \/>\nEmail bleu. Pierre ronde bleue.<br \/>\nHypoallerg\u00e9nique.<\/p>\n","protected":false},"featured_media":80472,"template":"","meta":{"_acf_changed":false},"product_brand":[],"product_cat":[58,69],"product_tag":[],"class_list":{"0":"post-81380","1":"product","2":"type-product","3":"status-publish","4":"has-post-thumbnail","6":"product_cat-bijou-intime-femme","7":"product_cat-bijoux-seins-non-piercing","8":"collection-les-bijoux-vertige-des-sens","9":"product_option-vendu-par-paire","11":"first","12":"instock","13":"taxable","14":"shipping-taxable","15":"purchasable","16":"product-type-simple"},"acf":[],"_links":{"self":[{"href":"https:\/\/www.sylvie-monthule.com\/fr\/wp-json\/wp\/v2\/product\/81380","targetHints":{"allow":["GET"]}}],"collection":[{"href":"https:\/\/www.sylvie-monthule.com\/fr\/wp-json\/wp\/v2\/product"}],"about":[{"href":"https:\/\/www.sylvie-monthule.com\/fr\/wp-json\/wp\/v2\/types\/product"}],"wp:featuredmedia":[{"embeddable":true,"href":"https:\/\/www.sylvie-monthule.com\/fr\/wp-json\/wp\/v2\/media\/80472"}],"wp:attachment":[{"href":"https:\/\/www.sylvie-monthule.com\/fr\/wp-json\/wp\/v2\/media?parent=81380"}],"wp:term":[{"taxonomy":"product_brand","embeddable":true,"href":"https:\/\/www.sylvie-monthule.com\/fr\/wp-json\/wp\/v2\/product_brand?post=81380"},{"taxonomy":"product_cat","embeddable":true,"href":"https:\/\/www.sylvie-monthule.com\/fr\/wp-json\/wp\/v2\/product_cat?post=81380"},{"taxonomy":"product_tag","embeddable":true,"href":"https:\/\/www.sylvie-monthule.com\/fr\/wp-json\/wp\/v2\/product_tag?post=81380"}],"curies":[{"name":"wp","href":"https:\/\/api.w.org\/{rel}","templated":true}]}}