{"id":81379,"date":"2019-11-13T10:40:26","date_gmt":"2019-11-12T10:40:26","guid":{"rendered":"https:\/\/www.sylvie-monthule.com\/?post_type=product&#038;p=81379\/"},"modified":"2026-04-21T12:51:55","modified_gmt":"2026-04-21T11:51:55","slug":"bijoux-seins-baisers-papillons-rouge-or","status":"publish","type":"product","link":"https:\/\/www.sylvie-monthule.com\/fr\/bijou\/bijoux-seins-baisers-papillons-rouge-or\/","title":{"rendered":"Bijoux seins baisers papillons rouge or"},"content":{"rendered":"<p>Deux papillons or cernent votre t\u00e9ton, pour en caresser toute la rondeur. Leurs ailes rouges couvrent l&rsquo;ar\u00e9ole de volupt\u00e9 et la fine pierre qui scintille sous votre t\u00e9ton est si magique! Des bijoux seins \u00e9rotiques et \u00e9blouissants, non piercing, dont les pendentifs d\u00e9posent mille baisers sensuels sur la peau.<\/p>\n","protected":false},"excerpt":{"rendered":"<p>Bijoux avec attaches-seins non piercing,<br \/>\nindolores et coulissantes, s&rsquo;adaptant \u00e0 toutes<br \/>\nles tailles de t\u00e9tons.<\/p>\n<p>Traitement haute dorure<br \/>\n1 micron 16 carats et finition 24 carats sur m\u00e9tal.<br \/>\nEmail rouge. Pierre ronde rouge.<br \/>\nHypoallerg\u00e9nique.<\/p>\n","protected":false},"featured_media":80452,"template":"","meta":{"_acf_changed":false},"product_brand":[],"product_cat":[58,69],"product_tag":[],"class_list":{"0":"post-81379","1":"product","2":"type-product","3":"status-publish","4":"has-post-thumbnail","6":"product_cat-bijou-intime-femme","7":"product_cat-bijoux-seins-non-piercing","8":"collection-30-ans-derotisme","9":"collection-les-bijoux-vertige-des-sens","10":"product_option-vendu-par-paire","12":"first","13":"instock","14":"taxable","15":"shipping-taxable","16":"purchasable","17":"product-type-simple"},"acf":[],"_links":{"self":[{"href":"https:\/\/www.sylvie-monthule.com\/fr\/wp-json\/wp\/v2\/product\/81379","targetHints":{"allow":["GET"]}}],"collection":[{"href":"https:\/\/www.sylvie-monthule.com\/fr\/wp-json\/wp\/v2\/product"}],"about":[{"href":"https:\/\/www.sylvie-monthule.com\/fr\/wp-json\/wp\/v2\/types\/product"}],"wp:featuredmedia":[{"embeddable":true,"href":"https:\/\/www.sylvie-monthule.com\/fr\/wp-json\/wp\/v2\/media\/80452"}],"wp:attachment":[{"href":"https:\/\/www.sylvie-monthule.com\/fr\/wp-json\/wp\/v2\/media?parent=81379"}],"wp:term":[{"taxonomy":"product_brand","embeddable":true,"href":"https:\/\/www.sylvie-monthule.com\/fr\/wp-json\/wp\/v2\/product_brand?post=81379"},{"taxonomy":"product_cat","embeddable":true,"href":"https:\/\/www.sylvie-monthule.com\/fr\/wp-json\/wp\/v2\/product_cat?post=81379"},{"taxonomy":"product_tag","embeddable":true,"href":"https:\/\/www.sylvie-monthule.com\/fr\/wp-json\/wp\/v2\/product_tag?post=81379"}],"curies":[{"name":"wp","href":"https:\/\/api.w.org\/{rel}","templated":true}]}}