{"id":81378,"date":"2019-11-13T10:40:25","date_gmt":"2019-11-12T10:40:25","guid":{"rendered":"https:\/\/www.sylvie-monthule.com\/?post_type=product&#038;p=81378\/"},"modified":"2025-11-26T09:11:44","modified_gmt":"2025-11-26T08:11:44","slug":"string-bijou-papillons-vertige-des-sens-argent","status":"publish","type":"product","link":"https:\/\/www.sylvie-monthule.com\/fr\/bijou\/string-bijou-papillons-vertige-des-sens-argent\/","title":{"rendered":"string bijou papillons vertige des sens argent"},"content":{"rendered":"<p>S&rsquo;\u00e9merveiller de la splendeur de ce string bijou, de ces deux papillons argent et bleu unis sur votre sexe. Ces papillons voluptueux aux ailes magnifiques, s&rsquo;habillent d&rsquo;un d\u00e9grad\u00e9 de bleu lumineux et s&rsquo;ajourent par endroit, pour laisser deviner le velout\u00e9 de votre pubis&#8230; S&rsquo;abandonner aux caresses si intimes, aux frolements si os\u00e9s de ces papillons, s&rsquo;enivrer d&rsquo;\u00e9motions et de plaisir, quand les pendentifs libertins du string bijou, libres et volages, go\u00fbtent \u00e0 vos parfums de femme&#8230;quand les perles de nectar viennent jouer avec vos l\u00e8vres! Un bijou \u00e9rotique cr\u00e9\u00e9 pour le vertige des sens, jusqu&rsquo;\u00e0 l\u00e9clat bleu dans le creux de vos reins.<\/p>\n","protected":false},"excerpt":{"rendered":"<p>Gr\u00e2ce \u00e0 ses \u00e9lastiques en coton doux,<br \/>\nvous positionnez le bijou string \u00e0 la perfection.<\/p>\n<p>Plaqu\u00e9 argent 10 microns sur m\u00e9tal.<br \/>\nEmail bleu. Pierre bleue au dos.<br \/>\nHypoallerg\u00e9nique.<\/p>\n","protected":false},"featured_media":81000,"template":"","meta":{"_acf_changed":false},"product_brand":[],"product_cat":[58,59],"product_tag":[],"class_list":{"0":"post-81378","1":"product","2":"type-product","3":"status-publish","4":"has-post-thumbnail","6":"product_cat-bijou-intime-femme","7":"product_cat-strings-bijoux","8":"collection-les-bijoux-vertige-des-sens","9":"product_option-tableau-tailles","11":"first","12":"instock","13":"taxable","14":"shipping-taxable","15":"purchasable","16":"product-type-simple"},"acf":[],"_links":{"self":[{"href":"https:\/\/www.sylvie-monthule.com\/fr\/wp-json\/wp\/v2\/product\/81378","targetHints":{"allow":["GET"]}}],"collection":[{"href":"https:\/\/www.sylvie-monthule.com\/fr\/wp-json\/wp\/v2\/product"}],"about":[{"href":"https:\/\/www.sylvie-monthule.com\/fr\/wp-json\/wp\/v2\/types\/product"}],"wp:featuredmedia":[{"embeddable":true,"href":"https:\/\/www.sylvie-monthule.com\/fr\/wp-json\/wp\/v2\/media\/81000"}],"wp:attachment":[{"href":"https:\/\/www.sylvie-monthule.com\/fr\/wp-json\/wp\/v2\/media?parent=81378"}],"wp:term":[{"taxonomy":"product_brand","embeddable":true,"href":"https:\/\/www.sylvie-monthule.com\/fr\/wp-json\/wp\/v2\/product_brand?post=81378"},{"taxonomy":"product_cat","embeddable":true,"href":"https:\/\/www.sylvie-monthule.com\/fr\/wp-json\/wp\/v2\/product_cat?post=81378"},{"taxonomy":"product_tag","embeddable":true,"href":"https:\/\/www.sylvie-monthule.com\/fr\/wp-json\/wp\/v2\/product_tag?post=81378"}],"curies":[{"name":"wp","href":"https:\/\/api.w.org\/{rel}","templated":true}]}}