{"id":64763,"date":"2018-11-13T09:41:53","date_gmt":"2018-11-12T09:41:53","guid":{"rendered":"https:\/\/www.sylvie-monthule.com\/?post_type=product&#038;p=64763\/"},"modified":"2026-03-19T14:34:59","modified_gmt":"2026-03-19T13:34:59","slug":"string-sexe-secret-pour-lui-or","status":"publish","type":"product","link":"https:\/\/www.sylvie-monthule.com\/fr\/bijou\/string-sexe-secret-pour-lui-or\/","title":{"rendered":"String sexe Secret pour Lui Or"},"content":{"rendered":"<p>Au dessus de votre sexe, l&rsquo;\u00e9clat d&rsquo;une pierre h\u00e9matite ovale! Une pierre aux reflets intenses, imposante, bomb\u00e9e. Les premi\u00e8res chaines qui s&rsquo;en \u00e9chappent passent sous votre p\u00e9nis pour rejoindre une boule h\u00e9matite, pleine, lisse, que vous sentez battre sur vos testicules. Le deuxi\u00e8me jeu de chaines qui passe de chaque cot\u00e9 de vos testicules, vient rejoindre l&rsquo;\u00e9lastique qui orne vos fesses&#8230; Un string bijou tr\u00e8s visuel avec son cabochon h\u00e9matite cern\u00e9 d&rsquo;Or, et le pompon de chaines comme un petit fouet, sous la boule H\u00e9matite. Un bijou sexuel et secret en Or et H\u00e9matite.<\/p>\n","protected":false},"excerpt":{"rendered":"<p>Grace \u00e0 ses \u00e9lastiques en coton doux et tr\u00e8s souples<br \/>\nvous positionnez le String sexe \u00e0 la perfection.<br \/>\nUn bijou intime confortable au maintien parfait<\/p>\n<p>String avec pierre en verre teinte h\u00e9matite.<br \/>\nChaines traitement haute dorure 1 micron 16 carats<br \/>\net finition 24 carats sur m\u00e9tal. Boule H\u00e9matite pleine.<br \/>\nElastiques en coton noir, cot\u00e9s et dos.<br \/>\nHypoallerg\u00e9nique.<\/p>\n<p>&nbsp;<\/p>\n","protected":false},"featured_media":64692,"template":"","meta":{"_acf_changed":false},"product_brand":[],"product_cat":[56,57],"product_tag":[],"class_list":{"0":"post-64763","1":"product","2":"type-product","3":"status-publish","4":"has-post-thumbnail","6":"product_cat-bijoux-hommes","7":"product_cat-strings-bijoux-homme","8":"collection-rendez-vous-intime","9":"product_option-tableau-tailles","11":"first","12":"instock","13":"taxable","14":"shipping-taxable","15":"purchasable","16":"product-type-simple"},"acf":[],"_links":{"self":[{"href":"https:\/\/www.sylvie-monthule.com\/fr\/wp-json\/wp\/v2\/product\/64763","targetHints":{"allow":["GET"]}}],"collection":[{"href":"https:\/\/www.sylvie-monthule.com\/fr\/wp-json\/wp\/v2\/product"}],"about":[{"href":"https:\/\/www.sylvie-monthule.com\/fr\/wp-json\/wp\/v2\/types\/product"}],"wp:featuredmedia":[{"embeddable":true,"href":"https:\/\/www.sylvie-monthule.com\/fr\/wp-json\/wp\/v2\/media\/64692"}],"wp:attachment":[{"href":"https:\/\/www.sylvie-monthule.com\/fr\/wp-json\/wp\/v2\/media?parent=64763"}],"wp:term":[{"taxonomy":"product_brand","embeddable":true,"href":"https:\/\/www.sylvie-monthule.com\/fr\/wp-json\/wp\/v2\/product_brand?post=64763"},{"taxonomy":"product_cat","embeddable":true,"href":"https:\/\/www.sylvie-monthule.com\/fr\/wp-json\/wp\/v2\/product_cat?post=64763"},{"taxonomy":"product_tag","embeddable":true,"href":"https:\/\/www.sylvie-monthule.com\/fr\/wp-json\/wp\/v2\/product_tag?post=64763"}],"curies":[{"name":"wp","href":"https:\/\/api.w.org\/{rel}","templated":true}]}}