{"id":64761,"date":"2018-11-13T09:41:53","date_gmt":"2018-11-12T09:41:53","guid":{"rendered":"https:\/\/www.sylvie-monthule.com\/?post_type=product&#038;p=64761\/"},"modified":"2025-02-17T08:47:04","modified_gmt":"2025-02-17T07:47:04","slug":"string-perles-hematites-passion-secrete-or","status":"publish","type":"product","link":"https:\/\/www.sylvie-monthule.com\/fr\/bijou\/string-perles-hematites-passion-secrete-or\/","title":{"rendered":"String Perles H\u00e9matites Passion Secr\u00e8te Or"},"content":{"rendered":"<p>Dans le miroir vous d\u00e9couvrez l&rsquo;Or qui se m\u00e9lange aux perles h\u00e9matites sur la dune si douce de votre pubis\u2026 Les balancements du bijou vous font d\u00e9j\u00e0 fr\u00e9mir, vos doigts jouent avec la perle qui fr\u00f4le vos l\u00e8vres\u2026 Vos l\u00e8vres offertes aux caresses, offertes aux baisers&#8230; Votre amant, ce soir, sera chavir\u00e9 par chaque d\u00e9tail de ce string bijou : la danse sensuelle du drap\u00e9 de chaines, les fines gouttes qui s&rsquo;agitent, le petit homme amoureux sur la perle h\u00e9matite qui go\u00fbte \u00e0 vos d\u00e9lices !<\/p>\n","protected":false},"excerpt":{"rendered":"<p>Grace \u00e0 ses \u00e9lastiques en coton doux et tres souples vous positionnez le String Bijou \u00e0 la perfection.<\/p>\n<p>String avec traitement haute dorure 1 micron 16 carats et finition 24 carats sur m\u00e9tal. Petites perles H\u00e9matites et Homme sur perle H\u00e9matite en pendentif. Chaines maille fine. Elastiques en coton doux cot\u00e9s et dos. Hypoallerg\u00e9nique.<\/p>\n<p>Un Bijou confortable au maintien parfait gr\u00e2ce \u00e0 son syst\u00e8me de ceinture \u00e9lastiqu\u00e9e<\/p>\n","protected":false},"featured_media":64644,"template":"","meta":{"_acf_changed":false},"product_brand":[],"product_cat":[58,59],"product_tag":[],"class_list":{"0":"post-64761","1":"product","2":"type-product","3":"status-publish","4":"has-post-thumbnail","6":"product_cat-bijou-intime-femme","7":"product_cat-strings-bijoux","8":"collection-rendez-vous-intime","9":"product_option-tableau-tailles","11":"first","12":"instock","13":"taxable","14":"shipping-taxable","15":"purchasable","16":"product-type-simple"},"acf":[],"_links":{"self":[{"href":"https:\/\/www.sylvie-monthule.com\/fr\/wp-json\/wp\/v2\/product\/64761","targetHints":{"allow":["GET"]}}],"collection":[{"href":"https:\/\/www.sylvie-monthule.com\/fr\/wp-json\/wp\/v2\/product"}],"about":[{"href":"https:\/\/www.sylvie-monthule.com\/fr\/wp-json\/wp\/v2\/types\/product"}],"wp:featuredmedia":[{"embeddable":true,"href":"https:\/\/www.sylvie-monthule.com\/fr\/wp-json\/wp\/v2\/media\/64644"}],"wp:attachment":[{"href":"https:\/\/www.sylvie-monthule.com\/fr\/wp-json\/wp\/v2\/media?parent=64761"}],"wp:term":[{"taxonomy":"product_brand","embeddable":true,"href":"https:\/\/www.sylvie-monthule.com\/fr\/wp-json\/wp\/v2\/product_brand?post=64761"},{"taxonomy":"product_cat","embeddable":true,"href":"https:\/\/www.sylvie-monthule.com\/fr\/wp-json\/wp\/v2\/product_cat?post=64761"},{"taxonomy":"product_tag","embeddable":true,"href":"https:\/\/www.sylvie-monthule.com\/fr\/wp-json\/wp\/v2\/product_tag?post=64761"}],"curies":[{"name":"wp","href":"https:\/\/api.w.org\/{rel}","templated":true}]}}