{"id":64759,"date":"2018-11-13T09:41:52","date_gmt":"2018-11-12T09:41:52","guid":{"rendered":"https:\/\/www.sylvie-monthule.com\/?post_type=product&#038;p=64759\/"},"modified":"2026-03-19T14:34:19","modified_gmt":"2026-03-19T13:34:19","slug":"string-bijou-impatient-desir-or","status":"publish","type":"product","link":"https:\/\/www.sylvie-monthule.com\/fr\/bijou\/string-bijou-impatient-desir-or\/","title":{"rendered":"String Bijou Impatient D\u00e9sir Or"},"content":{"rendered":"<p>De profil, dans le miroir, vous contemplez la pierre bomb\u00e9e pos\u00e9e sur votre Mont de V\u00e9nus. Son relief est si doux, si troublant\u2026 Sous l&rsquo;H\u00e9matite, accroch\u00e9 aux fines chaines qui s&rsquo;agitent sur vos l\u00eavres, un petit homme grimpe\u2026 Il convoite la pierre, si brillante, si attirante sur votre sexe nu&#8230; Puis, un deuxi\u00e8me, un troisi\u00e8me homme, ornent vos hanches, attir\u00e9s eux aussi par l&rsquo;\u00e9clat de l&rsquo;H\u00e9matite&#8230; Faites glisser les bijoux hommes sur l&rsquo;\u00e9lastique ; rapprochez-les de la pierre, ou faites-les coulisser sur vos hanches&#8230; Un string bijou raffin\u00e9 qui joue avec l&rsquo;Or et l&rsquo;Argent et avec vos sens !<\/p>\n","protected":false},"excerpt":{"rendered":"<p>Grace \u00e0 ses \u00e9lastiques en coton doux et tr\u00e8s souples<br \/>\nvous positionnez le String Bijou \u00e0 la perfection.<\/p>\n<p>String avec cabochon lisse en verre teint\u00e9e h\u00e9matite.<br \/>\nLes petits bijoux hommes coulissent sur les \u00e9lastiques.<br \/>\nChaines fines traitement 1 micron 16 carats et finition<br \/>\n24 carats et petits hommes en plaqu\u00e9 argent 10 microns.<br \/>\nElastiques noirs en coton. Lavable main.<br \/>\nHypoallerg\u00e9nique.<\/p>\n<p>&nbsp;<\/p>\n","protected":false},"featured_media":64588,"template":"","meta":{"_acf_changed":false},"product_brand":[],"product_cat":[58,59],"product_tag":[],"class_list":{"0":"post-64759","1":"product","2":"type-product","3":"status-publish","4":"has-post-thumbnail","6":"product_cat-bijou-intime-femme","7":"product_cat-strings-bijoux","8":"collection-rendez-vous-intime","9":"product_option-tableau-tailles","11":"first","12":"instock","13":"taxable","14":"shipping-taxable","15":"purchasable","16":"product-type-simple"},"acf":[],"_links":{"self":[{"href":"https:\/\/www.sylvie-monthule.com\/fr\/wp-json\/wp\/v2\/product\/64759","targetHints":{"allow":["GET"]}}],"collection":[{"href":"https:\/\/www.sylvie-monthule.com\/fr\/wp-json\/wp\/v2\/product"}],"about":[{"href":"https:\/\/www.sylvie-monthule.com\/fr\/wp-json\/wp\/v2\/types\/product"}],"wp:featuredmedia":[{"embeddable":true,"href":"https:\/\/www.sylvie-monthule.com\/fr\/wp-json\/wp\/v2\/media\/64588"}],"wp:attachment":[{"href":"https:\/\/www.sylvie-monthule.com\/fr\/wp-json\/wp\/v2\/media?parent=64759"}],"wp:term":[{"taxonomy":"product_brand","embeddable":true,"href":"https:\/\/www.sylvie-monthule.com\/fr\/wp-json\/wp\/v2\/product_brand?post=64759"},{"taxonomy":"product_cat","embeddable":true,"href":"https:\/\/www.sylvie-monthule.com\/fr\/wp-json\/wp\/v2\/product_cat?post=64759"},{"taxonomy":"product_tag","embeddable":true,"href":"https:\/\/www.sylvie-monthule.com\/fr\/wp-json\/wp\/v2\/product_tag?post=64759"}],"curies":[{"name":"wp","href":"https:\/\/api.w.org\/{rel}","templated":true}]}}