{"id":64756,"date":"2018-11-13T09:41:51","date_gmt":"2018-11-12T09:41:51","guid":{"rendered":"https:\/\/www.sylvie-monthule.com\/?post_type=product&#038;p=64756\/"},"modified":"2026-03-18T10:57:48","modified_gmt":"2026-03-18T09:57:48","slug":"bijou-soutien-gorge-impatient-desir-argent","status":"publish","type":"product","link":"https:\/\/www.sylvie-monthule.com\/fr\/bijou\/bijou-soutien-gorge-impatient-desir-argent\/","title":{"rendered":"Bijou Soutien-Gorge Impatient D\u00e9sir Argent"},"content":{"rendered":"<p style=\"text-align: justify;\">Si vous r\u00eavez d&rsquo;un soutien-gorge tr\u00e8s sensuel qui orne votre poitrine en d\u00e9couvrant vos seins, vous adorerez le raffinement et les d\u00e9tails coquins du soutien-gorge \u00a0\u00bb Impatient D\u00e9sir.\u00a0\u00bb Sur les deux fines bretelles de satin noir qui caressent vos \u00e9paules, deux bijoux repr\u00e9sentant des hommes miniatures, coulissent\u2026 comme un clin d&rsquo;\u0153il au d\u00e9sir ! Puis des chaines enlacent vos seins avec douceur et effronterie\u2026 Enfin un troisi\u00e8me petit homme, adorable bijou suspendu entre le galbe de vos seins, tangue effront\u00e9ment ! Un bijou Soutien-gorge ravissant, impatient de vous enlacer, qui unit l&rsquo;Or \u00e0 l&rsquo;Argent&#8230; Amusez-vous avec les petits hommes sur les bretelles de satin, jouez avec eux!<\/p>\n","protected":false},"excerpt":{"rendered":"<p>Un soutien gorge tr\u00e8s confortable<br \/>\nqui couvre toutes les tailles de bonnets et que vous<br \/>\najusterez \u00e0 la perfection gr\u00e2ce \u00e0 ses r\u00e9glages cou et dos.<\/p>\n<p>Soutien gorge bijou avec bretelles<br \/>\nen Satin Noir. Les petits corps d&rsquo;hommes<br \/>\ncoulissent sur les bretelles. Bijou avec traitement<br \/>\nchaines plaqu\u00e9 argent 10 microns et ornements<br \/>\n1 micron 16 carats et finition 24 carats sur m\u00e9tal.<br \/>\nChaines fines et chaines maille gourmette<br \/>\npour r\u00e9glages cou et dos.<br \/>\nHypoallerg\u00e9nique.<\/p>\n<p>&nbsp;<\/p>\n","protected":false},"featured_media":64488,"template":"","meta":{"_acf_changed":false},"product_brand":[],"product_cat":[58,61],"product_tag":[],"class_list":{"0":"post-64756","1":"product","2":"type-product","3":"status-publish","4":"has-post-thumbnail","6":"product_cat-bijou-intime-femme","7":"product_cat-soutiens-gorge-bijoux","8":"collection-rendez-vous-intime","10":"first","11":"instock","12":"taxable","13":"shipping-taxable","14":"purchasable","15":"product-type-simple"},"acf":[],"_links":{"self":[{"href":"https:\/\/www.sylvie-monthule.com\/fr\/wp-json\/wp\/v2\/product\/64756","targetHints":{"allow":["GET"]}}],"collection":[{"href":"https:\/\/www.sylvie-monthule.com\/fr\/wp-json\/wp\/v2\/product"}],"about":[{"href":"https:\/\/www.sylvie-monthule.com\/fr\/wp-json\/wp\/v2\/types\/product"}],"wp:featuredmedia":[{"embeddable":true,"href":"https:\/\/www.sylvie-monthule.com\/fr\/wp-json\/wp\/v2\/media\/64488"}],"wp:attachment":[{"href":"https:\/\/www.sylvie-monthule.com\/fr\/wp-json\/wp\/v2\/media?parent=64756"}],"wp:term":[{"taxonomy":"product_brand","embeddable":true,"href":"https:\/\/www.sylvie-monthule.com\/fr\/wp-json\/wp\/v2\/product_brand?post=64756"},{"taxonomy":"product_cat","embeddable":true,"href":"https:\/\/www.sylvie-monthule.com\/fr\/wp-json\/wp\/v2\/product_cat?post=64756"},{"taxonomy":"product_tag","embeddable":true,"href":"https:\/\/www.sylvie-monthule.com\/fr\/wp-json\/wp\/v2\/product_tag?post=64756"}],"curies":[{"name":"wp","href":"https:\/\/api.w.org\/{rel}","templated":true}]}}