{"id":64750,"date":"2018-11-13T09:41:49","date_gmt":"2018-11-12T09:41:49","guid":{"rendered":"https:\/\/www.sylvie-monthule.com\/?post_type=product&#038;p=64750\/"},"modified":"2025-02-17T08:47:28","modified_gmt":"2025-02-17T07:47:28","slug":"collier-seins-perles-hematites-passion-secrete-argent","status":"publish","type":"product","link":"https:\/\/www.sylvie-monthule.com\/fr\/bijou\/collier-seins-perles-hematites-passion-secrete-argent\/","title":{"rendered":"Collier Seins Perles H\u00e9matites Passion Secr\u00e8te Argent"},"content":{"rendered":"<p>Un collier seins sublime et sensuel habille votre poitrine et vos t\u00e9tons d&rsquo;argent. Au creux de votre poitrine, un petit homme se hisse sur une perle H\u00e9matite. Il semble faire corps avec la goutte, comme un amant suspendu \u00e0 votre beaut\u00e9 ! Dans le miroir, vous admirez ce duo troublant qui oscille \u00e0 peine entre vos seins\u2026 Il semble sage et pourtant les chaines d\u2019Argent s\u2019\u00e9lancent jusqu\u2019\u00e0 vos seins avec passion, pour enlacer vos t\u00e9tons\u2026 Vous sentez sur la peau leurs battements l\u00e9gers, leurs caresses exquises ! Cette nuit votre amant d\u00e9couvrira le secret de ce bijou d\u00e9licieux\u2026<\/p>\n","protected":false},"excerpt":{"rendered":"<p>Grace \u00e0 la chaine de r\u00e9glage cou,<br \/>\nvous ajustez \u00e0 la perfection votre Collier Seins.<br \/>\nBijou avec \u00ab\u00a0Attache-seins\u00a0\u00bb non piercing,<br \/>\nindolores et coulissantes s&rsquo;adaptant \u00e0 toutes les tailles de t\u00e9tons.<\/p>\n<p>Collier seins avec traitement plaqu\u00e9 argent 10 microns sur m\u00e9tal.<br \/>\nHomme sur perle H\u00e9matite en pendentif et<br \/>\npetites perles h\u00e9matite en terminaison chaines seins.<br \/>\nChaine maille fine.<br \/>\nHypoallerg\u00e9nique.<\/p>\n<p>&nbsp;<\/p>\n","protected":false},"featured_media":64348,"template":"","meta":{"_acf_changed":false},"product_brand":[],"product_cat":[58,69],"product_tag":[],"class_list":{"0":"post-64750","1":"product","2":"type-product","3":"status-publish","4":"has-post-thumbnail","6":"product_cat-bijou-intime-femme","7":"product_cat-bijoux-seins-non-piercing","8":"collection-rendez-vous-intime","10":"first","11":"instock","12":"taxable","13":"shipping-taxable","14":"purchasable","15":"product-type-simple"},"acf":[],"_links":{"self":[{"href":"https:\/\/www.sylvie-monthule.com\/fr\/wp-json\/wp\/v2\/product\/64750","targetHints":{"allow":["GET"]}}],"collection":[{"href":"https:\/\/www.sylvie-monthule.com\/fr\/wp-json\/wp\/v2\/product"}],"about":[{"href":"https:\/\/www.sylvie-monthule.com\/fr\/wp-json\/wp\/v2\/types\/product"}],"wp:featuredmedia":[{"embeddable":true,"href":"https:\/\/www.sylvie-monthule.com\/fr\/wp-json\/wp\/v2\/media\/64348"}],"wp:attachment":[{"href":"https:\/\/www.sylvie-monthule.com\/fr\/wp-json\/wp\/v2\/media?parent=64750"}],"wp:term":[{"taxonomy":"product_brand","embeddable":true,"href":"https:\/\/www.sylvie-monthule.com\/fr\/wp-json\/wp\/v2\/product_brand?post=64750"},{"taxonomy":"product_cat","embeddable":true,"href":"https:\/\/www.sylvie-monthule.com\/fr\/wp-json\/wp\/v2\/product_cat?post=64750"},{"taxonomy":"product_tag","embeddable":true,"href":"https:\/\/www.sylvie-monthule.com\/fr\/wp-json\/wp\/v2\/product_tag?post=64750"}],"curies":[{"name":"wp","href":"https:\/\/api.w.org\/{rel}","templated":true}]}}