{"id":64747,"date":"2018-11-13T09:41:48","date_gmt":"2018-11-12T09:41:48","guid":{"rendered":"https:\/\/www.sylvie-monthule.com\/?post_type=product&#038;p=64747\/"},"modified":"2025-02-17T08:47:29","modified_gmt":"2025-02-17T07:47:29","slug":"collier-seins-impatient-desir-or","status":"publish","type":"product","link":"https:\/\/www.sylvie-monthule.com\/fr\/bijou\/collier-seins-impatient-desir-or\/","title":{"rendered":"Collier Seins Impatient D\u00e9sir Or"},"content":{"rendered":"<p style=\"text-align: justify;\">Un collier seins insolent en or et en argent, qui joue avec vos fantasmes de femme ! Le D\u00e9sir s&rsquo;impatiente, s&rsquo;affole\u2026 Dans votre d\u00e9collet\u00e9, trois petits hommes courtisent votre sensualit\u00e9 ! Trois petits corps d&rsquo;hommes effront\u00e9s, v\u00eatus d&rsquo;argent, s&rsquo;unissent aux fines chaines d&rsquo;Or qui caressent divinement vos seins et enlacent vos t\u00e9tons dress\u00e9s. Beaut\u00e9 de l&rsquo;Or et de l&rsquo;Argent qui se m\u00e9langent, finesse de ces bijoux hommes qui s&rsquo;invitent sur votre peau&#8230; pour tout d\u00e9couvrir de vous.<\/p>\n","protected":false},"excerpt":{"rendered":"<p>Grace \u00e0 la chaine de r\u00e9glage cou,<br \/>\nvous ajustez \u00e0 la perfection votre Collier Seins.<br \/>\nBijou avec \u00ab\u00a0Attache-seins\u00a0\u00bb non piercing, indolores<br \/>\net coulissantes s&rsquo;adaptant \u00e0 toutes les tailles de t\u00e9tons.<\/p>\n<p>Collier seins avec chaines fines traitement haute dorure<br \/>\n1 micron 16 carats et finition 24 carats et petits hommes<br \/>\nplaqu\u00e9 argent 10 microns sur m\u00e9tal.<br \/>\nChaine maille fine et chaine<br \/>\nmaille gourmette pour r\u00e9glage cou.<br \/>\nHypoallerg\u00e9nique.<\/p>\n<p>&nbsp;<\/p>\n","protected":false},"featured_media":64272,"template":"","meta":{"_acf_changed":false},"product_brand":[],"product_cat":[58,69],"product_tag":[],"class_list":{"0":"post-64747","1":"product","2":"type-product","3":"status-publish","4":"has-post-thumbnail","6":"product_cat-bijou-intime-femme","7":"product_cat-bijoux-seins-non-piercing","8":"collection-rendez-vous-intime","10":"first","11":"instock","12":"taxable","13":"shipping-taxable","14":"purchasable","15":"product-type-simple"},"acf":[],"_links":{"self":[{"href":"https:\/\/www.sylvie-monthule.com\/fr\/wp-json\/wp\/v2\/product\/64747","targetHints":{"allow":["GET"]}}],"collection":[{"href":"https:\/\/www.sylvie-monthule.com\/fr\/wp-json\/wp\/v2\/product"}],"about":[{"href":"https:\/\/www.sylvie-monthule.com\/fr\/wp-json\/wp\/v2\/types\/product"}],"wp:featuredmedia":[{"embeddable":true,"href":"https:\/\/www.sylvie-monthule.com\/fr\/wp-json\/wp\/v2\/media\/64272"}],"wp:attachment":[{"href":"https:\/\/www.sylvie-monthule.com\/fr\/wp-json\/wp\/v2\/media?parent=64747"}],"wp:term":[{"taxonomy":"product_brand","embeddable":true,"href":"https:\/\/www.sylvie-monthule.com\/fr\/wp-json\/wp\/v2\/product_brand?post=64747"},{"taxonomy":"product_cat","embeddable":true,"href":"https:\/\/www.sylvie-monthule.com\/fr\/wp-json\/wp\/v2\/product_cat?post=64747"},{"taxonomy":"product_tag","embeddable":true,"href":"https:\/\/www.sylvie-monthule.com\/fr\/wp-json\/wp\/v2\/product_tag?post=64747"}],"curies":[{"name":"wp","href":"https:\/\/api.w.org\/{rel}","templated":true}]}}