{"id":64746,"date":"2018-11-13T09:41:47","date_gmt":"2018-11-12T09:41:47","guid":{"rendered":"https:\/\/www.sylvie-monthule.com\/?post_type=product&#038;p=64746\/"},"modified":"2025-02-17T08:47:09","modified_gmt":"2025-02-17T07:47:09","slug":"bijou-excite-clitoris-argent","status":"publish","type":"product","link":"https:\/\/www.sylvie-monthule.com\/fr\/bijou\/bijou-excite-clitoris-argent\/","title":{"rendered":"Bijou Excite Clitoris Argent"},"content":{"rendered":"<p>Un bijou extraordinaire cr\u00e9\u00e9 pour sublimer le clitoris, pour exciter en beaut\u00e9 cet organe du plaisir. En Cliquant sur la premi\u00e8re image vous d\u00e9couvrirez en vid\u00e9o, les effets uniques du bijou Excite Clitoris ! Le bijou \u00e9carte vos l\u00e8vres et \u00e9pouse d\u00e9licieusement la forme de votre sexe. Prenez soin de positionner la boule bleue blottit dans le bijou, sous votre clitoris. C&rsquo;est vous qui rythmez l&rsquo;intensit\u00e9 de votre plaisir en jouant avec elle ; Vos doigts effleurent d&rsquo;abord la boule mobile, la font tourner&#8230; Les premiers va-et-vient de la boule caressent votre clitoris, le frottent, le stimulent. Il commence \u00e0 se dresser&#8230; A vous d&rsquo;apprivoiser le bijou ! Massages, fr\u00f4lements, roulements lents ou rapides d&rsquo;avant en arri\u00e8re&#8230; Votre clitoris fr\u00e9mit, s&rsquo;\u00e9rige, se gorge de plaisir, palpite ! Point d&rsquo;orgue \u00e0 cette apoth\u00e9ose, votre jouissance est visible et votre partenaire pourra en admirer toute la beaut\u00e9&#8230;<\/p>\n","protected":false},"excerpt":{"rendered":"<p>Quelle que soit votre morphologie, vous positionnerez tr\u00e8s ais\u00e9ment ce Bijou merveilleux<\/p>\n<p>Bijou aux contours lisses et doux, plaqu\u00e9 argent 10 microns sur m\u00e9tal. Boule en r\u00e9sine bleue translucide (diam\u00e8tre ; 24 mm.) Hypoallerg\u00e9nique<\/p>\n<p>Un Bijou confortable au maintien parfait gr\u00e2ce \u00e0 son syst\u00e8me de ceinture \u00e9lastiqu\u00e9e. Vous le porterez comme un string !<\/p>\n","protected":false},"featured_media":64248,"template":"","meta":{"_acf_changed":false},"product_brand":[],"product_cat":[58,70],"product_tag":[],"class_list":{"0":"post-64746","1":"product","2":"type-product","3":"status-publish","4":"has-post-thumbnail","6":"product_cat-bijou-intime-femme","7":"product_cat-bijoux-clitoris","8":"collection-rendez-vous-intime","9":"product_option-tableau-tailles","11":"first","12":"instock","13":"taxable","14":"shipping-taxable","15":"purchasable","16":"product-type-simple"},"acf":[],"_links":{"self":[{"href":"https:\/\/www.sylvie-monthule.com\/fr\/wp-json\/wp\/v2\/product\/64746","targetHints":{"allow":["GET"]}}],"collection":[{"href":"https:\/\/www.sylvie-monthule.com\/fr\/wp-json\/wp\/v2\/product"}],"about":[{"href":"https:\/\/www.sylvie-monthule.com\/fr\/wp-json\/wp\/v2\/types\/product"}],"wp:featuredmedia":[{"embeddable":true,"href":"https:\/\/www.sylvie-monthule.com\/fr\/wp-json\/wp\/v2\/media\/64248"}],"wp:attachment":[{"href":"https:\/\/www.sylvie-monthule.com\/fr\/wp-json\/wp\/v2\/media?parent=64746"}],"wp:term":[{"taxonomy":"product_brand","embeddable":true,"href":"https:\/\/www.sylvie-monthule.com\/fr\/wp-json\/wp\/v2\/product_brand?post=64746"},{"taxonomy":"product_cat","embeddable":true,"href":"https:\/\/www.sylvie-monthule.com\/fr\/wp-json\/wp\/v2\/product_cat?post=64746"},{"taxonomy":"product_tag","embeddable":true,"href":"https:\/\/www.sylvie-monthule.com\/fr\/wp-json\/wp\/v2\/product_tag?post=64746"}],"curies":[{"name":"wp","href":"https:\/\/api.w.org\/{rel}","templated":true}]}}