{"id":64741,"date":"2018-11-13T09:41:46","date_gmt":"2018-11-12T09:41:46","guid":{"rendered":"https:\/\/www.sylvie-monthule.com\/?post_type=product&#038;p=64741\/"},"modified":"2025-02-17T08:48:42","modified_gmt":"2025-02-17T07:48:42","slug":"chaine-taille-perle-hematite-passion-secrete-or","status":"publish","type":"product","link":"https:\/\/www.sylvie-monthule.com\/fr\/bijou\/chaine-taille-perle-hematite-passion-secrete-or\/","title":{"rendered":"Chaine Taille Perle H\u00e9matite Passion Secr\u00e8te Or"},"content":{"rendered":"<p>L&rsquo;Or s&rsquo;enroule autour de vos hanches et l&rsquo;homme bijou ne quitte pas la perle suspendue qui danse sur le velout\u00e9 de votre peau\u2026 L&rsquo;homme enlace la perle, l&rsquo;\u00e9treint avec amour, pour toujours&#8230; Un pendentif sublime qui parle de passion, de d\u00e9sir&#8230; Une chaine de taille magnifique unissant l&rsquo;Or et l&rsquo;H\u00e9matite !<\/p>\n","protected":false},"excerpt":{"rendered":"<p>Indiquez dans le bloc taille votre choix ; S, M, L , XL&#8230; Quelle que soit la taille choisie, nos bijoux tailles sont r\u00e9glables.<\/p>\n<p>Chaine taille avec traitement haute dorure 1 micron 16 carats et finition 24 carats sur m\u00e9tal. Homme sur perle H\u00e9matite en pendentif. Chaine maille fine et chaine maille gourmette pour r\u00e9glage. Hypoallerg\u00e9nique.<\/p>\n","protected":false},"featured_media":64124,"template":"","meta":{"_acf_changed":false},"product_brand":[],"product_cat":[58,67],"product_tag":[],"class_list":{"0":"post-64741","1":"product","2":"type-product","3":"status-publish","4":"has-post-thumbnail","6":"product_cat-bijou-intime-femme","7":"product_cat-bijoux-taille-et-cheville","8":"collection-rendez-vous-intime","10":"first","11":"instock","12":"taxable","13":"shipping-taxable","14":"purchasable","15":"product-type-variable","16":"has-default-attributes"},"acf":[],"_links":{"self":[{"href":"https:\/\/www.sylvie-monthule.com\/fr\/wp-json\/wp\/v2\/product\/64741","targetHints":{"allow":["GET"]}}],"collection":[{"href":"https:\/\/www.sylvie-monthule.com\/fr\/wp-json\/wp\/v2\/product"}],"about":[{"href":"https:\/\/www.sylvie-monthule.com\/fr\/wp-json\/wp\/v2\/types\/product"}],"wp:featuredmedia":[{"embeddable":true,"href":"https:\/\/www.sylvie-monthule.com\/fr\/wp-json\/wp\/v2\/media\/64124"}],"wp:attachment":[{"href":"https:\/\/www.sylvie-monthule.com\/fr\/wp-json\/wp\/v2\/media?parent=64741"}],"wp:term":[{"taxonomy":"product_brand","embeddable":true,"href":"https:\/\/www.sylvie-monthule.com\/fr\/wp-json\/wp\/v2\/product_brand?post=64741"},{"taxonomy":"product_cat","embeddable":true,"href":"https:\/\/www.sylvie-monthule.com\/fr\/wp-json\/wp\/v2\/product_cat?post=64741"},{"taxonomy":"product_tag","embeddable":true,"href":"https:\/\/www.sylvie-monthule.com\/fr\/wp-json\/wp\/v2\/product_tag?post=64741"}],"curies":[{"name":"wp","href":"https:\/\/api.w.org\/{rel}","templated":true}]}}