{"id":64737,"date":"2018-11-13T09:41:44","date_gmt":"2018-11-12T09:41:44","guid":{"rendered":"https:\/\/www.sylvie-monthule.com\/?post_type=product&#038;p=64737\/"},"modified":"2026-03-19T14:33:38","modified_gmt":"2026-03-19T13:33:38","slug":"bijou-penis-secret-pour-lui-or","status":"publish","type":"product","link":"https:\/\/www.sylvie-monthule.com\/fr\/bijou\/bijou-penis-secret-pour-lui-or\/","title":{"rendered":"Bijou P\u00e9nis Secret pour Lui Or"},"content":{"rendered":"<p>Votre sexe se pare d&rsquo;une pierre sublime, une pierre h\u00e9matite, ovale\u2026 Ses reflets intenses rappellent la couleur de l&rsquo;acier, du m\u00e9tal&#8230; Les chaines qui s&rsquo;en \u00e9chappent passent sous votre p\u00e9nis pour rejoindre une boule h\u00e9matite, pleine et lisse, que vous sentez battre sur vos bourses&#8230; sous la boule, un pompon de chaines s&rsquo;agite comme un petit fouet secret&#8230; Un bijou intime et secret en Or et H\u00e9matite.<\/p>\n","protected":false},"excerpt":{"rendered":"<p>L\u2019\u00e9lastique en coton doux suit vos mouvements et assure un maintien parfait.<\/p>\n<p>Pierre en verre teinte h\u00e9matite. Chaines traitement haute dorure 1 micron 16 carats et finition 24 carats sur m\u00e9tal. Boule H\u00e9matite pleine. Hypoallerg\u00e9nique. Base \u00e9lastique coton noir.<\/p>\n<p>Bijou ajustable et tr\u00e8s confortable gr\u00e2ce \u00e0 sa base \u00e9lastiqu\u00e9e.<\/p>\n","protected":false},"featured_media":64044,"template":"","meta":{"_acf_changed":false},"product_brand":[],"product_cat":[56,65],"product_tag":[],"class_list":{"0":"post-64737","1":"product","2":"type-product","3":"status-publish","4":"has-post-thumbnail","6":"product_cat-bijoux-hommes","7":"product_cat-bijoux-intimes-sexe","8":"collection-rendez-vous-intime","10":"first","11":"instock","12":"taxable","13":"shipping-taxable","14":"purchasable","15":"product-type-simple"},"acf":[],"_links":{"self":[{"href":"https:\/\/www.sylvie-monthule.com\/fr\/wp-json\/wp\/v2\/product\/64737","targetHints":{"allow":["GET"]}}],"collection":[{"href":"https:\/\/www.sylvie-monthule.com\/fr\/wp-json\/wp\/v2\/product"}],"about":[{"href":"https:\/\/www.sylvie-monthule.com\/fr\/wp-json\/wp\/v2\/types\/product"}],"wp:featuredmedia":[{"embeddable":true,"href":"https:\/\/www.sylvie-monthule.com\/fr\/wp-json\/wp\/v2\/media\/64044"}],"wp:attachment":[{"href":"https:\/\/www.sylvie-monthule.com\/fr\/wp-json\/wp\/v2\/media?parent=64737"}],"wp:term":[{"taxonomy":"product_brand","embeddable":true,"href":"https:\/\/www.sylvie-monthule.com\/fr\/wp-json\/wp\/v2\/product_brand?post=64737"},{"taxonomy":"product_cat","embeddable":true,"href":"https:\/\/www.sylvie-monthule.com\/fr\/wp-json\/wp\/v2\/product_cat?post=64737"},{"taxonomy":"product_tag","embeddable":true,"href":"https:\/\/www.sylvie-monthule.com\/fr\/wp-json\/wp\/v2\/product_tag?post=64737"}],"curies":[{"name":"wp","href":"https:\/\/api.w.org\/{rel}","templated":true}]}}