{"id":64736,"date":"2018-11-13T09:41:44","date_gmt":"2018-11-12T09:41:44","guid":{"rendered":"https:\/\/www.sylvie-monthule.com\/?post_type=product&#038;p=64736\/"},"modified":"2025-02-17T08:47:30","modified_gmt":"2025-02-17T07:47:30","slug":"bijoux-seins-perles-hematites-passion-secrete-argent","status":"publish","type":"product","link":"https:\/\/www.sylvie-monthule.com\/fr\/bijou\/bijoux-seins-perles-hematites-passion-secrete-argent\/","title":{"rendered":"Bijoux Seins Perles H\u00e9matites Passion Secr\u00e8te Argent"},"content":{"rendered":"<p>Osez les bijoux perles pour orner vos t\u00e9tons ! Deux gouttes h\u00e9matites merveilleuses\u2026 Sur chacune d&rsquo;elles, un homme bijou se hisse, \u00e9pris de vous\u2026amoureux comme l&rsquo;homme qui vous attend ce soir pour vous aimer ! Deux perles h\u00e9matites enlac\u00e9es d&rsquo;Argent, pleines et douces, comme la rondeur de vos seins, suspendues \u00e0 vos t\u00e9tons, caressant vos courbes avec passion!<\/p>\n","protected":false},"excerpt":{"rendered":"<div>\n<p>Bijoux de t\u00e9tons avec \u201cAttache-seins\u201d non piercing,<br \/>\nindolores et coulissantes s\u2019adaptant \u00e0 toutes les tailles de t\u00e9tons.<\/p>\n<p>Traitement haute dorure 1 micron 16 carats<br \/>\net finition 24 carats sur m\u00e9tal.<br \/>\nGouttes H\u00e9matites avec \u00ab\u00a0hommes miniatures\u00a0\u00bb<br \/>\nsur gouttes.<br \/>\nHypoallerg\u00e9nique.<\/p>\n<\/div>\n","protected":false},"featured_media":64020,"template":"","meta":{"_acf_changed":false},"product_brand":[],"product_cat":[58,69],"product_tag":[],"class_list":{"0":"post-64736","1":"product","2":"type-product","3":"status-publish","4":"has-post-thumbnail","6":"product_cat-bijou-intime-femme","7":"product_cat-bijoux-seins-non-piercing","8":"collection-rendez-vous-intime","9":"product_option-vendu-par-paire","11":"first","12":"instock","13":"taxable","14":"shipping-taxable","15":"purchasable","16":"product-type-simple"},"acf":[],"_links":{"self":[{"href":"https:\/\/www.sylvie-monthule.com\/fr\/wp-json\/wp\/v2\/product\/64736","targetHints":{"allow":["GET"]}}],"collection":[{"href":"https:\/\/www.sylvie-monthule.com\/fr\/wp-json\/wp\/v2\/product"}],"about":[{"href":"https:\/\/www.sylvie-monthule.com\/fr\/wp-json\/wp\/v2\/types\/product"}],"wp:featuredmedia":[{"embeddable":true,"href":"https:\/\/www.sylvie-monthule.com\/fr\/wp-json\/wp\/v2\/media\/64020"}],"wp:attachment":[{"href":"https:\/\/www.sylvie-monthule.com\/fr\/wp-json\/wp\/v2\/media?parent=64736"}],"wp:term":[{"taxonomy":"product_brand","embeddable":true,"href":"https:\/\/www.sylvie-monthule.com\/fr\/wp-json\/wp\/v2\/product_brand?post=64736"},{"taxonomy":"product_cat","embeddable":true,"href":"https:\/\/www.sylvie-monthule.com\/fr\/wp-json\/wp\/v2\/product_cat?post=64736"},{"taxonomy":"product_tag","embeddable":true,"href":"https:\/\/www.sylvie-monthule.com\/fr\/wp-json\/wp\/v2\/product_tag?post=64736"}],"curies":[{"name":"wp","href":"https:\/\/api.w.org\/{rel}","templated":true}]}}