{"id":471,"date":"2008-12-11T00:00:00","date_gmt":"2008-12-10T23:00:00","guid":{"rendered":"http:\/\/www.sylvie-monthule.com\/?product=clips-purs-or"},"modified":"2025-02-17T08:47:37","modified_gmt":"2025-02-17T07:47:37","slug":"clips-purs-or","status":"publish","type":"product","link":"https:\/\/www.sylvie-monthule.com\/fr\/bijou\/clips-purs-or\/","title":{"rendered":"Clips Purs Or"},"content":{"rendered":"<p>Vos l\u00e8vres se parent de deux petits diamants \u00e9ternels&#8230; Deux petits bijoux uniques&#8230; d\u00e9licieusement blottis l\u00e0 o\u00f9 Tout Palpite&#8230; et Brillants de mille Feux !<\/p>\n","protected":false},"excerpt":{"rendered":"<p>Mati\u00e8re : Cristaux purs \u00e0 facettes. Bijou plaqu\u00e9 or 3 microns 16 carats et finition 24 carats sur m\u00e9tal. Sans nickel. Hypoallerg\u00e9nique.<br \/>\nCouleur : Or et Cristal<br \/>\nCr\u00e9ation : Sylvie Monthul\u00e9<\/p>\n","protected":false},"featured_media":12632,"template":"","meta":{"_acf_changed":false},"product_brand":[],"product_cat":[58,62],"product_tag":[],"class_list":{"0":"post-471","1":"product","2":"type-product","3":"status-publish","4":"has-post-thumbnail","6":"product_cat-bijou-intime-femme","7":"product_cat-bijoux-sexe-non-piercing","8":"collection-bijoux-hors-collection","10":"first","11":"instock","12":"taxable","13":"shipping-taxable","14":"purchasable","15":"product-type-simple"},"acf":[],"_links":{"self":[{"href":"https:\/\/www.sylvie-monthule.com\/fr\/wp-json\/wp\/v2\/product\/471","targetHints":{"allow":["GET"]}}],"collection":[{"href":"https:\/\/www.sylvie-monthule.com\/fr\/wp-json\/wp\/v2\/product"}],"about":[{"href":"https:\/\/www.sylvie-monthule.com\/fr\/wp-json\/wp\/v2\/types\/product"}],"wp:featuredmedia":[{"embeddable":true,"href":"https:\/\/www.sylvie-monthule.com\/fr\/wp-json\/wp\/v2\/media\/12632"}],"wp:attachment":[{"href":"https:\/\/www.sylvie-monthule.com\/fr\/wp-json\/wp\/v2\/media?parent=471"}],"wp:term":[{"taxonomy":"product_brand","embeddable":true,"href":"https:\/\/www.sylvie-monthule.com\/fr\/wp-json\/wp\/v2\/product_brand?post=471"},{"taxonomy":"product_cat","embeddable":true,"href":"https:\/\/www.sylvie-monthule.com\/fr\/wp-json\/wp\/v2\/product_cat?post=471"},{"taxonomy":"product_tag","embeddable":true,"href":"https:\/\/www.sylvie-monthule.com\/fr\/wp-json\/wp\/v2\/product_tag?post=471"}],"curies":[{"name":"wp","href":"https:\/\/api.w.org\/{rel}","templated":true}]}}