{"id":47,"date":"2008-11-22T00:00:00","date_gmt":"2008-11-21T23:00:00","guid":{"rendered":"http:\/\/www.sylvie-monthule.com\/?product=string-drape-pour-lui"},"modified":"2025-02-27T14:26:36","modified_gmt":"2025-02-27T13:26:36","slug":"string-drape-pour-lui","status":"publish","type":"product","link":"https:\/\/www.sylvie-monthule.com\/fr\/bijou\/string-drape-pour-lui\/","title":{"rendered":"String Drap\u00e9 pour Lui"},"content":{"rendered":"<p style=\"text-align: justify;\">Un drap\u00e9 de chaines couvre votre corps, juste au dessus de votre p\u00e9nis. Un bijou intime pour homme r\u00e9alis\u00e9 avec des chaines souples, visuelles, larges&#8230;Ce string est tr\u00e8s confortable, et son syst\u00e8me de ceinture \u00e9lastiqu\u00e9e permet un maintien parfait du bijou. Votre corps, votre sexe, sont habill\u00e9s d&rsquo;or, et libres de leurs mouvements et de leurs \u00e9motions !<\/p>\n","protected":false},"excerpt":{"rendered":"<div>\n<p>Un Bijou string et p\u00e9nis tr\u00e8s confortable<br \/>\nau maintien parfait, gr\u00e2ce \u00e0 sa structure \u00e9lastiqu\u00e9e.<\/p>\n<p>String Bijou avec drap\u00e9s de chaines,<br \/>\nTraitement haute dorure 1 micron 16 carats<br \/>\net finition 24 carats sur m\u00e9tal.<br \/>\nHypoallerg\u00e9nique.<\/p>\n<\/div>\n","protected":false},"featured_media":12281,"template":"","meta":{"_acf_changed":false},"product_brand":[],"product_cat":[56,57],"product_tag":[],"class_list":{"0":"post-47","1":"product","2":"type-product","3":"status-publish","4":"has-post-thumbnail","6":"product_cat-bijoux-hommes","7":"product_cat-strings-bijoux-homme","8":"collection-anciennes-collections","9":"product_option-tableau-tailles","11":"first","12":"instock","13":"taxable","14":"shipping-taxable","15":"purchasable","16":"product-type-simple"},"acf":[],"_links":{"self":[{"href":"https:\/\/www.sylvie-monthule.com\/fr\/wp-json\/wp\/v2\/product\/47","targetHints":{"allow":["GET"]}}],"collection":[{"href":"https:\/\/www.sylvie-monthule.com\/fr\/wp-json\/wp\/v2\/product"}],"about":[{"href":"https:\/\/www.sylvie-monthule.com\/fr\/wp-json\/wp\/v2\/types\/product"}],"wp:featuredmedia":[{"embeddable":true,"href":"https:\/\/www.sylvie-monthule.com\/fr\/wp-json\/wp\/v2\/media\/12281"}],"wp:attachment":[{"href":"https:\/\/www.sylvie-monthule.com\/fr\/wp-json\/wp\/v2\/media?parent=47"}],"wp:term":[{"taxonomy":"product_brand","embeddable":true,"href":"https:\/\/www.sylvie-monthule.com\/fr\/wp-json\/wp\/v2\/product_brand?post=47"},{"taxonomy":"product_cat","embeddable":true,"href":"https:\/\/www.sylvie-monthule.com\/fr\/wp-json\/wp\/v2\/product_cat?post=47"},{"taxonomy":"product_tag","embeddable":true,"href":"https:\/\/www.sylvie-monthule.com\/fr\/wp-json\/wp\/v2\/product_tag?post=47"}],"curies":[{"name":"wp","href":"https:\/\/api.w.org\/{rel}","templated":true}]}}