{"id":452,"date":"2008-12-17T00:00:00","date_gmt":"2008-12-16T23:00:00","guid":{"rendered":"http:\/\/www.sylvie-monthule.com\/?product=clips-noirs"},"modified":"2025-02-17T08:47:36","modified_gmt":"2025-02-17T07:47:36","slug":"clips-noirs","status":"publish","type":"product","link":"https:\/\/www.sylvie-monthule.com\/fr\/bijou\/clips-noirs\/","title":{"rendered":"Clips Noirs"},"content":{"rendered":"<p>Secrets Intimes en Noir&#8230; 2 Petits Cristaux en Zyrconium&#8230; Cristaux noirs aux mille \u00e9clats \u00e0 pincer sur les petites ou les grandes l\u00e8vres&#8230; Insoup\u00e7onnables, ces ravissants Bijoux Intimes sont destin\u00e9s \u00e0 toutes celles qui veulent donner et se donner la parfaite illusion du piercing.<\/p>\n","protected":false},"excerpt":{"rendered":"<p>Mati\u00e8re : Cristaux Zyrconium purs \u00e0 facettes. Bijou plaqu\u00e9 or 3 microns 16 carats et finition 24 carats sur m\u00e9tal. Sans nickel. Lavable main. Hypoallerg\u00e9niques.<br \/>\nCouleur : Or et Cristal noir<br \/>\nConception : Sylvie Monthul\u00e9<\/p>\n","protected":false},"featured_media":12618,"template":"","meta":{"_acf_changed":false},"product_brand":[],"product_cat":[58,62],"product_tag":[],"class_list":{"0":"post-452","1":"product","2":"type-product","3":"status-publish","4":"has-post-thumbnail","6":"product_cat-bijou-intime-femme","7":"product_cat-bijoux-sexe-non-piercing","8":"collection-bijoux-hors-collection","10":"first","11":"instock","12":"taxable","13":"shipping-taxable","14":"purchasable","15":"product-type-simple"},"acf":[],"_links":{"self":[{"href":"https:\/\/www.sylvie-monthule.com\/fr\/wp-json\/wp\/v2\/product\/452","targetHints":{"allow":["GET"]}}],"collection":[{"href":"https:\/\/www.sylvie-monthule.com\/fr\/wp-json\/wp\/v2\/product"}],"about":[{"href":"https:\/\/www.sylvie-monthule.com\/fr\/wp-json\/wp\/v2\/types\/product"}],"wp:featuredmedia":[{"embeddable":true,"href":"https:\/\/www.sylvie-monthule.com\/fr\/wp-json\/wp\/v2\/media\/12618"}],"wp:attachment":[{"href":"https:\/\/www.sylvie-monthule.com\/fr\/wp-json\/wp\/v2\/media?parent=452"}],"wp:term":[{"taxonomy":"product_brand","embeddable":true,"href":"https:\/\/www.sylvie-monthule.com\/fr\/wp-json\/wp\/v2\/product_brand?post=452"},{"taxonomy":"product_cat","embeddable":true,"href":"https:\/\/www.sylvie-monthule.com\/fr\/wp-json\/wp\/v2\/product_cat?post=452"},{"taxonomy":"product_tag","embeddable":true,"href":"https:\/\/www.sylvie-monthule.com\/fr\/wp-json\/wp\/v2\/product_tag?post=452"}],"curies":[{"name":"wp","href":"https:\/\/api.w.org\/{rel}","templated":true}]}}